{"id":2288,"date":"2023-07-10T16:47:12","date_gmt":"2023-07-10T16:47:12","guid":{"rendered":"https:\/\/familyeyecareiroquoisfalls.ca\/examens-de-la-vue-des-enfants\/"},"modified":"2024-03-01T18:56:20","modified_gmt":"2024-03-01T18:56:20","slug":"examens-de-la-vue-des-enfants","status":"publish","type":"page","link":"https:\/\/familyeyecareiroquoisfalls.ca\/fr\/examens-de-la-vue-des-enfants\/","title":{"rendered":"Examens pour enfants"},"content":{"rendered":"\t\t<div data-elementor-type=\"wp-page\" data-elementor-id=\"2288\" class=\"elementor elementor-2288 elementor-1917\" data-elementor-post-type=\"page\">\n\t\t\t\t\t\t<section class=\"elementor-section elementor-top-section elementor-element elementor-element-7b4b38e elementor-section-boxed elementor-section-height-default elementor-section-height-default\" data-id=\"7b4b38e\" data-element_type=\"section\" data-e-type=\"section\" data-settings=\"{&quot;background_background&quot;:&quot;classic&quot;}\">\n\t\t\t\t\t\t\t<div class=\"elementor-background-overlay\"><\/div>\n\t\t\t\t\t\t\t<div class=\"elementor-container elementor-column-gap-default\">\n\t\t\t\t\t<div class=\"elementor-column elementor-col-100 elementor-top-column elementor-element elementor-element-a9a2c98\" data-id=\"a9a2c98\" data-element_type=\"column\" data-e-type=\"column\">\n\t\t\t<div class=\"elementor-widget-wrap elementor-element-populated\">\n\t\t\t\t\t\t<div class=\"elementor-element elementor-element-e3affa6 elementor-invisible elementor-widget elementor-widget-heading\" data-id=\"e3affa6\" data-element_type=\"widget\" data-e-type=\"widget\" data-settings=\"{&quot;_animation&quot;:&quot;fadeInUp&quot;,&quot;_animation_delay&quot;:50}\" data-widget_type=\"heading.default\">\n\t\t\t\t<div class=\"elementor-widget-container\">\n\t\t\t\t\t<h1 class=\"elementor-heading-title elementor-size-default\">NOS SERVICES<\/h1>\t\t\t\t<\/div>\n\t\t\t\t<\/div>\n\t\t\t\t<div class=\"elementor-element elementor-element-98f8fba elementor-invisible elementor-widget elementor-widget-heading\" data-id=\"98f8fba\" data-element_type=\"widget\" data-e-type=\"widget\" data-settings=\"{&quot;_animation&quot;:&quot;fadeInUp&quot;,&quot;_animation_delay&quot;:100}\" data-widget_type=\"heading.default\">\n\t\t\t\t<div class=\"elementor-widget-container\">\n\t\t\t\t\t<h1 class=\"elementor-heading-title elementor-size-default\">Examens de la vue chez les enfants<\/h1>\t\t\t\t<\/div>\n\t\t\t\t<\/div>\n\t\t\t\t\t<\/div>\n\t\t<\/div>\n\t\t\t\t\t<\/div>\n\t\t<\/section>\n\t\t\t\t<section class=\"elementor-section elementor-top-section elementor-element elementor-element-2a610e0 elementor-section-content-middle elementor-reverse-tablet elementor-reverse-mobile elementor-section-boxed elementor-section-height-default elementor-section-height-default\" data-id=\"2a610e0\" data-element_type=\"section\" data-e-type=\"section\">\n\t\t\t\t\t\t<div class=\"elementor-container elementor-column-gap-default\">\n\t\t\t\t\t<div class=\"elementor-column elementor-col-50 elementor-top-column elementor-element elementor-element-6e31677\" data-id=\"6e31677\" data-element_type=\"column\" data-e-type=\"column\">\n\t\t\t<div class=\"elementor-widget-wrap elementor-element-populated\">\n\t\t\t\t\t\t<div class=\"elementor-element elementor-element-247810c elementor-widget-tablet__width-initial elementor-widget elementor-widget-image\" data-id=\"247810c\" data-element_type=\"widget\" data-e-type=\"widget\" data-widget_type=\"image.default\">\n\t\t\t\t<div class=\"elementor-widget-container\">\n\t\t\t\t\t\t\t\t\t\t\t\t\t\t\t<img fetchpriority=\"high\" decoding=\"async\" width=\"800\" height=\"534\" src=\"https:\/\/familyeyecareiroquoisfalls.ca\/wp-content\/uploads\/2024\/01\/FEC-Website-Photos-16-1024x684.jpg\" class=\"attachment-large size-large wp-image-3262\" alt=\"\" srcset=\"https:\/\/familyeyecareiroquoisfalls.ca\/wp-content\/uploads\/2024\/01\/FEC-Website-Photos-16-1024x684.jpg 1024w, https:\/\/familyeyecareiroquoisfalls.ca\/wp-content\/uploads\/2024\/01\/FEC-Website-Photos-16-300x200.jpg 300w, https:\/\/familyeyecareiroquoisfalls.ca\/wp-content\/uploads\/2024\/01\/FEC-Website-Photos-16-768x513.jpg 768w, https:\/\/familyeyecareiroquoisfalls.ca\/wp-content\/uploads\/2024\/01\/FEC-Website-Photos-16-1536x1026.jpg 1536w, https:\/\/familyeyecareiroquoisfalls.ca\/wp-content\/uploads\/2024\/01\/FEC-Website-Photos-16-2048x1368.jpg 2048w\" sizes=\"(max-width: 800px) 100vw, 800px\" \/>\t\t\t\t\t\t\t\t\t\t\t\t\t\t\t<\/div>\n\t\t\t\t<\/div>\n\t\t\t\t\t<\/div>\n\t\t<\/div>\n\t\t\t\t<div class=\"elementor-column elementor-col-50 elementor-top-column elementor-element elementor-element-00b6009\" data-id=\"00b6009\" data-element_type=\"column\" data-e-type=\"column\">\n\t\t\t<div class=\"elementor-widget-wrap elementor-element-populated\">\n\t\t\t\t\t\t<div class=\"elementor-element elementor-element-b53bbb0 elementor-widget elementor-widget-heading\" data-id=\"b53bbb0\" data-element_type=\"widget\" data-e-type=\"widget\" data-widget_type=\"heading.default\">\n\t\t\t\t<div class=\"elementor-widget-container\">\n\t\t\t\t\t<h3 class=\"elementor-heading-title elementor-size-default\">Saviez-vous?<\/h3>\t\t\t\t<\/div>\n\t\t\t\t<\/div>\n\t\t\t\t<div class=\"elementor-element elementor-element-a660470 elementor-widget elementor-widget-text-editor\" data-id=\"a660470\" data-element_type=\"widget\" data-e-type=\"widget\" data-widget_type=\"text-editor.default\">\n\t\t\t\t<div class=\"elementor-widget-container\">\n\t\t\t\t\t\t\t\t\t<div class=\"grve-section grve-feature-header grve-flex-row grve-middle-content mpc-row\" data-section-title=\"\" data-section-type=\"fullwidth-background\" data-image-type=\"none\" data-full-height=\"no\">\n<div class=\"grve-row grve-bookmark\">\n<div class=\"wpb_column grve-column grve-bookmark grve-column-1 mpc-column\" data-column-id=\"mpc_column-5464b024cd9ea7d\">\n<div class=\"grve-element grve-text grve-animated-item grve-fadeIn grve-animated\" data-delay=\"500\">\n<p>Votre enfant n&rsquo;a pas besoin de savoir lire pour faire contr\u00f4ler sa vue ?<\/p>\n<p>80% des apprentissages se font par les yeux et que 1 enfant sur 6 a un probl\u00e8me de vision suffisamment important pour affecter son apprentissage ?<\/p>\n<p>Les enfants ayant une mauvaise vision peuvent \u00eatre diagnostiqu\u00e9s comme ayant un trouble d&rsquo;apprentissage ou de comportement ?<\/p>\n<p>Nous recommandons que les premiers examens de la vue des enfants aient lieu entre 6 et 9 mois.<\/p>\n<\/div>\n<\/div>\n<\/div>\n<\/div>\n\t\t\t\t\t\t\t\t<\/div>\n\t\t\t\t<\/div>\n\t\t\t\t\t<\/div>\n\t\t<\/div>\n\t\t\t\t\t<\/div>\n\t\t<\/section>\n\t\t\t\t<section class=\"elementor-section elementor-top-section elementor-element elementor-element-4cc612c elementor-section-boxed elementor-section-height-default elementor-section-height-default\" data-id=\"4cc612c\" data-element_type=\"section\" data-e-type=\"section\" data-settings=\"{&quot;background_background&quot;:&quot;classic&quot;}\">\n\t\t\t\t\t\t\t<div class=\"elementor-background-overlay\"><\/div>\n\t\t\t\t\t\t\t<div class=\"elementor-container elementor-column-gap-no\">\n\t\t\t\t\t<div class=\"elementor-column elementor-col-100 elementor-top-column elementor-element elementor-element-7107da5\" data-id=\"7107da5\" data-element_type=\"column\" data-e-type=\"column\">\n\t\t\t<div class=\"elementor-widget-wrap elementor-element-populated\">\n\t\t\t\t\t\t<section class=\"elementor-section elementor-inner-section elementor-element elementor-element-a721193 elementor-section-boxed elementor-section-height-default elementor-section-height-default\" data-id=\"a721193\" data-element_type=\"section\" data-e-type=\"section\">\n\t\t\t\t\t\t<div class=\"elementor-container elementor-column-gap-no\">\n\t\t\t\t\t<div class=\"elementor-column elementor-col-50 elementor-inner-column elementor-element elementor-element-b0418cc\" data-id=\"b0418cc\" data-element_type=\"column\" data-e-type=\"column\">\n\t\t\t<div class=\"elementor-widget-wrap elementor-element-populated\">\n\t\t\t\t\t\t<div class=\"elementor-element elementor-element-a5859d6 elementor-widget elementor-widget-heading\" data-id=\"a5859d6\" data-element_type=\"widget\" data-e-type=\"widget\" data-widget_type=\"heading.default\">\n\t\t\t\t<div class=\"elementor-widget-container\">\n\t\t\t\t\t<h4 class=\"elementor-heading-title elementor-size-default\">\u00c0 cet \u00e2ge, nos optom\u00e9tristes recherchent des probl\u00e8mes plus importants comme :<\/h4>\t\t\t\t<\/div>\n\t\t\t\t<\/div>\n\t\t\t\t<div class=\"elementor-element elementor-element-f1db97c elementor-icon-list--layout-traditional elementor-list-item-link-full_width elementor-widget elementor-widget-icon-list\" data-id=\"f1db97c\" data-element_type=\"widget\" data-e-type=\"widget\" data-widget_type=\"icon-list.default\">\n\t\t\t\t<div class=\"elementor-widget-container\">\n\t\t\t\t\t\t\t<ul class=\"elementor-icon-list-items\">\n\t\t\t\t\t\t\t<li class=\"elementor-icon-list-item\">\n\t\t\t\t\t\t\t\t\t\t\t<span class=\"elementor-icon-list-icon\">\n\t\t\t\t\t\t\t<i aria-hidden=\"true\" class=\"fas fa-check-circle\"><\/i>\t\t\t\t\t\t<\/span>\n\t\t\t\t\t\t\t\t\t\t<span class=\"elementor-icon-list-text\">Un \u0153il qui tourne\/strabisme<\/span>\n\t\t\t\t\t\t\t\t\t<\/li>\n\t\t\t\t\t\t\t\t<li class=\"elementor-icon-list-item\">\n\t\t\t\t\t\t\t\t\t\t\t<span class=\"elementor-icon-list-icon\">\n\t\t\t\t\t\t\t<i aria-hidden=\"true\" class=\"fas fa-check-circle\"><\/i>\t\t\t\t\t\t<\/span>\n\t\t\t\t\t\t\t\t\t\t<span class=\"elementor-icon-list-text\">Un \u0153il avec vision plus faible\/amblyopie<\/span>\n\t\t\t\t\t\t\t\t\t<\/li>\n\t\t\t\t\t\t\t\t<li class=\"elementor-icon-list-item\">\n\t\t\t\t\t\t\t\t\t\t\t<span class=\"elementor-icon-list-icon\">\n\t\t\t\t\t\t\t<i aria-hidden=\"true\" class=\"fas fa-check-circle\"><\/i>\t\t\t\t\t\t<\/span>\n\t\t\t\t\t\t\t\t\t\t<span class=\"elementor-icon-list-text\">Une plus grande quantit\u00e9 de myopie<\/span>\n\t\t\t\t\t\t\t\t\t<\/li>\n\t\t\t\t\t\t\t\t<li class=\"elementor-icon-list-item\">\n\t\t\t\t\t\t\t\t\t\t\t<span class=\"elementor-icon-list-icon\">\n\t\t\t\t\t\t\t<i aria-hidden=\"true\" class=\"fas fa-check-circle\"><\/i>\t\t\t\t\t\t<\/span>\n\t\t\t\t\t\t\t\t\t\t<span class=\"elementor-icon-list-text\">Une plus grande quantit\u00e9 d'hyperm\u00e9tropie<\/span>\n\t\t\t\t\t\t\t\t\t<\/li>\n\t\t\t\t\t\t\t\t<li class=\"elementor-icon-list-item\">\n\t\t\t\t\t\t\t\t\t\t\t<span class=\"elementor-icon-list-icon\">\n\t\t\t\t\t\t\t<i aria-hidden=\"true\" class=\"fas fa-check-circle\"><\/i>\t\t\t\t\t\t<\/span>\n\t\t\t\t\t\t\t\t\t\t<span class=\"elementor-icon-list-text\">Une plus grande quantit\u00e9 d'astigmatisme<\/span>\n\t\t\t\t\t\t\t\t\t<\/li>\n\t\t\t\t\t\t\t\t<li class=\"elementor-icon-list-item\">\n\t\t\t\t\t\t\t\t\t\t\t<span class=\"elementor-icon-list-icon\">\n\t\t\t\t\t\t\t<i aria-hidden=\"true\" class=\"fas fa-check-circle\"><\/i>\t\t\t\t\t\t<\/span>\n\t\t\t\t\t\t\t\t\t\t<span class=\"elementor-icon-list-text\">Anomalie de sant\u00e9 oculaire.<\/span>\n\t\t\t\t\t\t\t\t\t<\/li>\n\t\t\t\t\t\t<\/ul>\n\t\t\t\t\t\t<\/div>\n\t\t\t\t<\/div>\n\t\t\t\t\t<\/div>\n\t\t<\/div>\n\t\t\t\t<div class=\"elementor-column elementor-col-50 elementor-inner-column elementor-element elementor-element-7086324\" data-id=\"7086324\" data-element_type=\"column\" data-e-type=\"column\">\n\t\t\t<div class=\"elementor-widget-wrap elementor-element-populated\">\n\t\t\t\t\t\t<div class=\"elementor-element elementor-element-7957f1f elementor-invisible elementor-widget elementor-widget-image\" data-id=\"7957f1f\" data-element_type=\"widget\" data-e-type=\"widget\" data-settings=\"{&quot;_animation&quot;:&quot;fadeInUp&quot;}\" data-widget_type=\"image.default\">\n\t\t\t\t<div class=\"elementor-widget-container\">\n\t\t\t\t\t\t\t\t\t\t\t\t\t\t\t<img decoding=\"async\" width=\"800\" height=\"534\" src=\"https:\/\/familyeyecareiroquoisfalls.ca\/wp-content\/uploads\/2024\/01\/FEC-Website-Photos-34-1024x684.jpg\" class=\"attachment-large size-large wp-image-3260\" alt=\"\" srcset=\"https:\/\/familyeyecareiroquoisfalls.ca\/wp-content\/uploads\/2024\/01\/FEC-Website-Photos-34-1024x684.jpg 1024w, https:\/\/familyeyecareiroquoisfalls.ca\/wp-content\/uploads\/2024\/01\/FEC-Website-Photos-34-300x200.jpg 300w, https:\/\/familyeyecareiroquoisfalls.ca\/wp-content\/uploads\/2024\/01\/FEC-Website-Photos-34-768x513.jpg 768w, https:\/\/familyeyecareiroquoisfalls.ca\/wp-content\/uploads\/2024\/01\/FEC-Website-Photos-34-1536x1026.jpg 1536w, https:\/\/familyeyecareiroquoisfalls.ca\/wp-content\/uploads\/2024\/01\/FEC-Website-Photos-34-2048x1368.jpg 2048w\" sizes=\"(max-width: 800px) 100vw, 800px\" \/>\t\t\t\t\t\t\t\t\t\t\t\t\t\t\t<\/div>\n\t\t\t\t<\/div>\n\t\t\t\t\t<\/div>\n\t\t<\/div>\n\t\t\t\t\t<\/div>\n\t\t<\/section>\n\t\t\t\t\t<\/div>\n\t\t<\/div>\n\t\t\t\t\t<\/div>\n\t\t<\/section>\n\t\t\t\t<section class=\"elementor-section elementor-top-section elementor-element elementor-element-c503fa6 elementor-section-boxed elementor-section-height-default elementor-section-height-default\" data-id=\"c503fa6\" data-element_type=\"section\" data-e-type=\"section\" data-settings=\"{&quot;background_background&quot;:&quot;classic&quot;}\">\n\t\t\t\t\t\t<div class=\"elementor-container elementor-column-gap-no\">\n\t\t\t\t\t<div class=\"elementor-column elementor-col-100 elementor-top-column elementor-element elementor-element-ead7e3d\" data-id=\"ead7e3d\" data-element_type=\"column\" data-e-type=\"column\">\n\t\t\t<div class=\"elementor-widget-wrap elementor-element-populated\">\n\t\t\t\t\t\t<section class=\"elementor-section elementor-inner-section elementor-element elementor-element-1647547 elementor-section-boxed elementor-section-height-default elementor-section-height-default\" data-id=\"1647547\" data-element_type=\"section\" data-e-type=\"section\">\n\t\t\t\t\t\t<div class=\"elementor-container elementor-column-gap-no\">\n\t\t\t\t\t<div class=\"elementor-column elementor-col-50 elementor-inner-column elementor-element elementor-element-6d6d6b2\" data-id=\"6d6d6b2\" data-element_type=\"column\" data-e-type=\"column\">\n\t\t\t<div class=\"elementor-widget-wrap elementor-element-populated\">\n\t\t\t\t\t\t<div class=\"elementor-element elementor-element-1eec20c elementor-invisible elementor-widget elementor-widget-heading\" data-id=\"1eec20c\" data-element_type=\"widget\" data-e-type=\"widget\" data-settings=\"{&quot;_animation&quot;:&quot;fadeInUp&quot;,&quot;_animation_delay&quot;:50}\" data-widget_type=\"heading.default\">\n\t\t\t\t<div class=\"elementor-widget-container\">\n\t\t\t\t\t<h1 class=\"elementor-heading-title elementor-size-default\">OPTOM\u00c9TRISTES QUALIFI\u00c9S<\/h1>\t\t\t\t<\/div>\n\t\t\t\t<\/div>\n\t\t\t\t<div class=\"elementor-element elementor-element-eb6efd3 elementor-widget elementor-widget-text-editor\" data-id=\"eb6efd3\" data-element_type=\"widget\" data-e-type=\"widget\" data-widget_type=\"text-editor.default\">\n\t\t\t\t<div class=\"elementor-widget-container\">\n\t\t\t\t\t\t\t\t\t<p>L\u2019OHIP couvre ces services jusqu\u2019\u00e0 l\u2019\u00e2ge de 19 ans inclus.<\/p>\n\t\t\t\t\t\t\t\t<\/div>\n\t\t\t\t<\/div>\n\t\t\t\t\t<\/div>\n\t\t<\/div>\n\t\t\t\t<div class=\"elementor-column elementor-col-50 elementor-inner-column elementor-element elementor-element-18ce95d elementor-hidden-tablet elementor-hidden-mobile\" data-id=\"18ce95d\" data-element_type=\"column\" data-e-type=\"column\">\n\t\t\t<div class=\"elementor-widget-wrap elementor-element-populated\">\n\t\t\t\t\t\t<div class=\"elementor-element elementor-element-6c6eee6 elementor-widget elementor-widget-text-editor\" data-id=\"6c6eee6\" data-element_type=\"widget\" data-e-type=\"widget\" data-widget_type=\"text-editor.default\">\n\t\t\t\t<div class=\"elementor-widget-container\">\n\t\t\t\t\t\t\t\t\t<div class=\"grve-section grve-feature-header grve-flex-row grve-middle-content mpc-row\" data-section-title=\"\" data-section-type=\"fullwidth-background\" data-image-type=\"none\" data-full-height=\"no\">\n<div class=\"grve-row grve-bookmark\">\n<div class=\"wpb_column grve-column grve-bookmark grve-column-1 mpc-column\" data-column-id=\"mpc_column-5464b024cd9ea7d\">\n<div class=\"grve-element grve-text grve-animated-item grve-fadeIn grve-animated\" data-delay=\"500\">\n<p>Nous pouvons d\u00e9tecter les conditions ci-dessus simplement en regardant dans les yeux et la fa\u00e7on dont nos lumi\u00e8res nous reviennent.<\/p>\n<p>Leur deuxi\u00e8me examen de la vue peut ensuite avoir lieu chaque ann\u00e9e ou avant l&rsquo;\u00e2ge de 3 ans. Encore une fois, en fonction du niveau de communication et de compr\u00e9hension, nous pouvons utiliser nos lumi\u00e8res pour garantir que votre enfant a une bonne vision, une bonne coordination des muscles oculaire et des yeux en sant\u00e9.<\/p>\n<p>Apr\u00e8s, nos optom\u00e9tristes recommandent un examen de la vue annuel. \u00c0 mesure que votre enfant grandit, ses yeux grandissent \u00e9galement et il est donc important de les surveiller r\u00e9guli\u00e8rement.<\/p>\n<\/div>\n<\/div>\n<\/div>\n<\/div>\n\t\t\t\t\t\t\t\t<\/div>\n\t\t\t\t<\/div>\n\t\t\t\t\t<\/div>\n\t\t<\/div>\n\t\t\t\t\t<\/div>\n\t\t<\/section>\n\t\t\t\t\t<\/div>\n\t\t<\/div>\n\t\t\t\t\t<\/div>\n\t\t<\/section>\n\t\t\t\t<\/div>\n\t\t","protected":false},"excerpt":{"rendered":"<p>NOS SERVICES Examens de la vue chez les enfants Saviez-vous? Votre enfant n&rsquo;a pas besoin de savoir lire pour faire contr\u00f4ler sa vue ? 80% des apprentissages se font par les yeux et que 1 enfant sur 6 a un probl\u00e8me de vision suffisamment important pour affecter son apprentissage ? Les enfants ayant une mauvaise [&hellip;]<\/p>\n","protected":false},"author":1,"featured_media":2807,"parent":0,"menu_order":0,"comment_status":"closed","ping_status":"closed","template":"elementor_header_footer","meta":{"footnotes":""},"class_list":["post-2288","page","type-page","status-publish","has-post-thumbnail","hentry"],"_links":{"self":[{"href":"https:\/\/familyeyecareiroquoisfalls.ca\/fr\/wp-json\/wp\/v2\/pages\/2288","targetHints":{"allow":["GET"]}}],"collection":[{"href":"https:\/\/familyeyecareiroquoisfalls.ca\/fr\/wp-json\/wp\/v2\/pages"}],"about":[{"href":"https:\/\/familyeyecareiroquoisfalls.ca\/fr\/wp-json\/wp\/v2\/types\/page"}],"author":[{"embeddable":true,"href":"https:\/\/familyeyecareiroquoisfalls.ca\/fr\/wp-json\/wp\/v2\/users\/1"}],"replies":[{"embeddable":true,"href":"https:\/\/familyeyecareiroquoisfalls.ca\/fr\/wp-json\/wp\/v2\/comments?post=2288"}],"version-history":[{"count":5,"href":"https:\/\/familyeyecareiroquoisfalls.ca\/fr\/wp-json\/wp\/v2\/pages\/2288\/revisions"}],"predecessor-version":[{"id":3378,"href":"https:\/\/familyeyecareiroquoisfalls.ca\/fr\/wp-json\/wp\/v2\/pages\/2288\/revisions\/3378"}],"wp:featuredmedia":[{"embeddable":true,"href":"https:\/\/familyeyecareiroquoisfalls.ca\/fr\/wp-json\/wp\/v2\/media\/2807"}],"wp:attachment":[{"href":"https:\/\/familyeyecareiroquoisfalls.ca\/fr\/wp-json\/wp\/v2\/media?parent=2288"}],"curies":[{"name":"wp","href":"https:\/\/api.w.org\/{rel}","templated":true}]}}