{"id":2290,"date":"2023-07-04T14:23:13","date_gmt":"2023-07-04T14:23:13","guid":{"rendered":"https:\/\/familyeyecareiroquoisfalls.ca\/examens-complets-de-la-vue\/"},"modified":"2024-06-11T03:45:36","modified_gmt":"2024-06-11T03:45:36","slug":"examens-complets-de-la-vue","status":"publish","type":"page","link":"https:\/\/familyeyecareiroquoisfalls.ca\/fr\/examens-complets-de-la-vue\/","title":{"rendered":"Examens de la vue"},"content":{"rendered":"\t\t<div data-elementor-type=\"wp-page\" data-elementor-id=\"2290\" class=\"elementor elementor-2290 elementor-1918\" data-elementor-post-type=\"page\">\n\t\t\t\t\t\t<section class=\"elementor-section elementor-top-section elementor-element elementor-element-4c3b573 elementor-section-boxed elementor-section-height-default elementor-section-height-default\" data-id=\"4c3b573\" data-element_type=\"section\" data-e-type=\"section\" data-settings=\"{&quot;background_background&quot;:&quot;classic&quot;}\">\n\t\t\t\t\t\t\t<div class=\"elementor-background-overlay\"><\/div>\n\t\t\t\t\t\t\t<div class=\"elementor-container elementor-column-gap-default\">\n\t\t\t\t\t<div class=\"elementor-column elementor-col-100 elementor-top-column elementor-element elementor-element-1c28f6f\" data-id=\"1c28f6f\" data-element_type=\"column\" data-e-type=\"column\">\n\t\t\t<div class=\"elementor-widget-wrap elementor-element-populated\">\n\t\t\t\t\t\t<div class=\"elementor-element elementor-element-633c146 elementor-invisible elementor-widget elementor-widget-heading\" data-id=\"633c146\" data-element_type=\"widget\" data-e-type=\"widget\" data-settings=\"{&quot;_animation&quot;:&quot;fadeInUp&quot;,&quot;_animation_delay&quot;:50}\" data-widget_type=\"heading.default\">\n\t\t\t\t<div class=\"elementor-widget-container\">\n\t\t\t\t\t<h1 class=\"elementor-heading-title elementor-size-default\">NOS SERVICES<\/h1>\t\t\t\t<\/div>\n\t\t\t\t<\/div>\n\t\t\t\t<div class=\"elementor-element elementor-element-6a18722 elementor-invisible elementor-widget elementor-widget-heading\" data-id=\"6a18722\" data-element_type=\"widget\" data-e-type=\"widget\" data-settings=\"{&quot;_animation&quot;:&quot;fadeInUp&quot;,&quot;_animation_delay&quot;:100}\" data-widget_type=\"heading.default\">\n\t\t\t\t<div class=\"elementor-widget-container\">\n\t\t\t\t\t<h1 class=\"elementor-heading-title elementor-size-default\">Examens complets de la vue<\/h1>\t\t\t\t<\/div>\n\t\t\t\t<\/div>\n\t\t\t\t\t<\/div>\n\t\t<\/div>\n\t\t\t\t\t<\/div>\n\t\t<\/section>\n\t\t\t\t<section class=\"elementor-section elementor-top-section elementor-element elementor-element-3cc04e44 elementor-section-content-middle elementor-reverse-tablet elementor-reverse-mobile elementor-section-boxed elementor-section-height-default elementor-section-height-default\" data-id=\"3cc04e44\" data-element_type=\"section\" data-e-type=\"section\">\n\t\t\t\t\t\t<div class=\"elementor-container elementor-column-gap-default\">\n\t\t\t\t\t<div class=\"elementor-column elementor-col-50 elementor-top-column elementor-element elementor-element-66ebc120\" data-id=\"66ebc120\" data-element_type=\"column\" data-e-type=\"column\">\n\t\t\t<div class=\"elementor-widget-wrap elementor-element-populated\">\n\t\t\t\t\t\t<div class=\"elementor-element elementor-element-c943209 elementor-widget-tablet__width-initial elementor-widget elementor-widget-image\" data-id=\"c943209\" data-element_type=\"widget\" data-e-type=\"widget\" data-widget_type=\"image.default\">\n\t\t\t\t<div class=\"elementor-widget-container\">\n\t\t\t\t\t\t\t\t\t\t\t\t\t\t\t<img fetchpriority=\"high\" decoding=\"async\" width=\"800\" height=\"534\" src=\"https:\/\/familyeyecareiroquoisfalls.ca\/wp-content\/uploads\/2024\/01\/FEC-Website-Photos-6-1024x684.jpg\" class=\"attachment-large size-large wp-image-3266\" alt=\"\" srcset=\"https:\/\/familyeyecareiroquoisfalls.ca\/wp-content\/uploads\/2024\/01\/FEC-Website-Photos-6-1024x684.jpg 1024w, https:\/\/familyeyecareiroquoisfalls.ca\/wp-content\/uploads\/2024\/01\/FEC-Website-Photos-6-300x200.jpg 300w, https:\/\/familyeyecareiroquoisfalls.ca\/wp-content\/uploads\/2024\/01\/FEC-Website-Photos-6-768x513.jpg 768w, https:\/\/familyeyecareiroquoisfalls.ca\/wp-content\/uploads\/2024\/01\/FEC-Website-Photos-6-1536x1026.jpg 1536w, https:\/\/familyeyecareiroquoisfalls.ca\/wp-content\/uploads\/2024\/01\/FEC-Website-Photos-6-2048x1368.jpg 2048w\" sizes=\"(max-width: 800px) 100vw, 800px\" \/>\t\t\t\t\t\t\t\t\t\t\t\t\t\t\t<\/div>\n\t\t\t\t<\/div>\n\t\t\t\t\t<\/div>\n\t\t<\/div>\n\t\t\t\t<div class=\"elementor-column elementor-col-50 elementor-top-column elementor-element elementor-element-6a8ad6e6\" data-id=\"6a8ad6e6\" data-element_type=\"column\" data-e-type=\"column\">\n\t\t\t<div class=\"elementor-widget-wrap elementor-element-populated\">\n\t\t\t\t\t\t<div class=\"elementor-element elementor-element-33beaf15 elementor-widget elementor-widget-text-editor\" data-id=\"33beaf15\" data-element_type=\"widget\" data-e-type=\"widget\" data-widget_type=\"text-editor.default\">\n\t\t\t\t<div class=\"elementor-widget-container\">\n\t\t\t\t\t\t\t\t\t<p>Il existe une id\u00e9e fausse tr\u00e8s r\u00e9pandue selon laquelle si une personne voit bien, ses yeux doivent \u00eatre en bonne sant\u00e9. En fait, de nombreuses maladies oculaires graves pouvant menacer la vue ne pr\u00e9sentent aucun sympt\u00f4me pr\u00e9curseur. Lors de nos <a href=\"https:\/\/bc.doctorsofoptometry.ca\/library\/the-eye-exam\/\" target=\"_blank\" rel=\"noopener\">examens<\/a> complets de la vue, nos optom\u00e9tristes font bien plus que simplement d\u00e9terminer votre <a href=\"https:\/\/bc.doctorsofoptometry.ca\/library\/eye-exam-vs-sight-test\/\" target=\"_blank\" rel=\"noopener\">prescription de lunettes ou de verre de contact<\/a>. Ils v\u00e9rifieront \u00e9galement vos yeux pour d\u00e9tecter des maladies oculaires courantes et rares, \u00e9valueront dans quelle mesure vos yeux fonctionnent en \u00e9quipe et rechercheront des indicateurs de nombreux probl\u00e8mes de sant\u00e9 potentiellement graves qui affectent d&rsquo;autres parties du corps.<\/p><p>La connexion entre la vision et les autres syst\u00e8mes du corps fait des examens de la vue de routine un \u00e9l\u00e9ment important des soins de sant\u00e9 <a href=\"https:\/\/bc.doctorsofoptometry.ca\/library\/prevention-information\/\" target=\"_blank\" rel=\"noopener\">pr\u00e9ventifs<\/a>, quel que soit votre \u00e2ge ou votre \u00e9tat de sant\u00e9 physique. Des examens de la vue compl\u00e8te permettent aux optom\u00e9tristes d&rsquo;examiner de pr\u00e8s vos vaisseaux sanguins, vos nerfs optiques et d&rsquo;autres structures oculaires complexes, qui peuvent tous contenir des indices sur des conditions susceptibles de pr\u00e9senter un risque grave pour votre sant\u00e9. Un certain nombre de probl\u00e8mes de sant\u00e9 peuvent \u00eatre d\u00e9tect\u00e9s gr\u00e2ce \u00e0 un examen complet de la vue, comme l\u2019hypertension art\u00e9rielle, du diab\u00e8te \u00e0 certaines formes de cancer.<\/p>\t\t\t\t\t\t\t\t<\/div>\n\t\t\t\t<\/div>\n\t\t\t\t\t<\/div>\n\t\t<\/div>\n\t\t\t\t\t<\/div>\n\t\t<\/section>\n\t\t\t\t<section class=\"elementor-section elementor-top-section elementor-element elementor-element-2a36f660 elementor-section-boxed elementor-section-height-default elementor-section-height-default\" data-id=\"2a36f660\" data-element_type=\"section\" data-e-type=\"section\" data-settings=\"{&quot;background_background&quot;:&quot;classic&quot;}\">\n\t\t\t\t\t\t\t<div class=\"elementor-background-overlay\"><\/div>\n\t\t\t\t\t\t\t<div class=\"elementor-container elementor-column-gap-no\">\n\t\t\t\t\t<div class=\"elementor-column elementor-col-100 elementor-top-column elementor-element elementor-element-6e5c0e2f\" data-id=\"6e5c0e2f\" data-element_type=\"column\" data-e-type=\"column\">\n\t\t\t<div class=\"elementor-widget-wrap elementor-element-populated\">\n\t\t\t\t\t\t<section class=\"elementor-section elementor-inner-section elementor-element elementor-element-379bbc50 elementor-section-boxed elementor-section-height-default elementor-section-height-default\" data-id=\"379bbc50\" data-element_type=\"section\" data-e-type=\"section\">\n\t\t\t\t\t\t<div class=\"elementor-container elementor-column-gap-no\">\n\t\t\t\t\t<div class=\"elementor-column elementor-col-50 elementor-inner-column elementor-element elementor-element-27eef97e\" data-id=\"27eef97e\" data-element_type=\"column\" data-e-type=\"column\">\n\t\t\t<div class=\"elementor-widget-wrap elementor-element-populated\">\n\t\t\t\t\t\t<div class=\"elementor-element elementor-element-2df14c46 elementor-widget elementor-widget-heading\" data-id=\"2df14c46\" data-element_type=\"widget\" data-e-type=\"widget\" data-widget_type=\"heading.default\">\n\t\t\t\t<div class=\"elementor-widget-container\">\n\t\t\t\t\t<h4 class=\"elementor-heading-title elementor-size-default\">Votre examen complet de la vue \u00e0 notre office comprendra :<\/h4>\t\t\t\t<\/div>\n\t\t\t\t<\/div>\n\t\t\t\t<div class=\"elementor-element elementor-element-7ab7eaf0 elementor-icon-list--layout-traditional elementor-list-item-link-full_width elementor-widget elementor-widget-icon-list\" data-id=\"7ab7eaf0\" data-element_type=\"widget\" data-e-type=\"widget\" data-widget_type=\"icon-list.default\">\n\t\t\t\t<div class=\"elementor-widget-container\">\n\t\t\t\t\t\t\t<ul class=\"elementor-icon-list-items\">\n\t\t\t\t\t\t\t<li class=\"elementor-icon-list-item\">\n\t\t\t\t\t\t\t\t\t\t\t<span class=\"elementor-icon-list-icon\">\n\t\t\t\t\t\t\t<i aria-hidden=\"true\" class=\"fas fa-check-circle\"><\/i>\t\t\t\t\t\t<\/span>\n\t\t\t\t\t\t\t\t\t\t<span class=\"elementor-icon-list-text\">Un examen de votre historique de sant\u00e9 et de vision.<\/span>\n\t\t\t\t\t\t\t\t\t<\/li>\n\t\t\t\t\t\t\t\t<li class=\"elementor-icon-list-item\">\n\t\t\t\t\t\t\t\t\t\t\t<span class=\"elementor-icon-list-icon\">\n\t\t\t\t\t\t\t<i aria-hidden=\"true\" class=\"fas fa-check-circle\"><\/i>\t\t\t\t\t\t<\/span>\n\t\t\t\t\t\t\t\t\t\t<span class=\"elementor-icon-list-text\">Examen de l'acuit\u00e9 visuelle<\/span>\n\t\t\t\t\t\t\t\t\t<\/li>\n\t\t\t\t\t\t\t\t<li class=\"elementor-icon-list-item\">\n\t\t\t\t\t\t\t\t\t\t\t<span class=\"elementor-icon-list-icon\">\n\t\t\t\t\t\t\t<i aria-hidden=\"true\" class=\"fas fa-check-circle\"><\/i>\t\t\t\t\t\t<\/span>\n\t\t\t\t\t\t\t\t\t\t<span class=\"elementor-icon-list-text\">Examen de la motilit\u00e9 oculaire (coordination des muscles oculaires)<\/span>\n\t\t\t\t\t\t\t\t\t<\/li>\n\t\t\t\t\t\t\t\t<li class=\"elementor-icon-list-item\">\n\t\t\t\t\t\t\t\t\t\t\t<span class=\"elementor-icon-list-icon\">\n\t\t\t\t\t\t\t<i aria-hidden=\"true\" class=\"fas fa-check-circle\"><\/i>\t\t\t\t\t\t<\/span>\n\t\t\t\t\t\t\t\t\t\t<span class=\"elementor-icon-list-text\">R\u00e9fraction : un test permettant de d\u00e9terminer la meilleure prescription pour garantir la vision la plus claire possible.<\/span>\n\t\t\t\t\t\t\t\t\t<\/li>\n\t\t\t\t\t\t\t\t<li class=\"elementor-icon-list-item\">\n\t\t\t\t\t\t\t\t\t\t\t<span class=\"elementor-icon-list-icon\">\n\t\t\t\t\t\t\t<i aria-hidden=\"true\" class=\"fas fa-check-circle\"><\/i>\t\t\t\t\t\t<\/span>\n\t\t\t\t\t\t\t\t\t\t<span class=\"elementor-icon-list-text\">Mesure de la pression oculaire<\/span>\n\t\t\t\t\t\t\t\t\t<\/li>\n\t\t\t\t\t\t\t\t<li class=\"elementor-icon-list-item\">\n\t\t\t\t\t\t\t\t\t\t\t<span class=\"elementor-icon-list-icon\">\n\t\t\t\t\t\t\t<i aria-hidden=\"true\" class=\"fas fa-check-circle\"><\/i>\t\t\t\t\t\t<\/span>\n\t\t\t\t\t\t\t\t\t\t<span class=\"elementor-icon-list-text\">Examen de sant\u00e9 oculaire<\/span>\n\t\t\t\t\t\t\t\t\t<\/li>\n\t\t\t\t\t\t\t\t<li class=\"elementor-icon-list-item\">\n\t\t\t\t\t\t\t\t\t\t\t<span class=\"elementor-icon-list-icon\">\n\t\t\t\t\t\t\t<i aria-hidden=\"true\" class=\"fas fa-check-circle\"><\/i>\t\t\t\t\t\t<\/span>\n\t\t\t\t\t\t\t\t\t\t<span class=\"elementor-icon-list-text\">Imagerie r\u00e9tinienne (fr\u00e9quence \u00e0 d\u00e9terminer par votre optom\u00e9triste).<\/span>\n\t\t\t\t\t\t\t\t\t<\/li>\n\t\t\t\t\t\t<\/ul>\n\t\t\t\t\t\t<\/div>\n\t\t\t\t<\/div>\n\t\t\t\t\t<\/div>\n\t\t<\/div>\n\t\t\t\t<div class=\"elementor-column elementor-col-50 elementor-inner-column elementor-element elementor-element-6afdb0c4\" data-id=\"6afdb0c4\" data-element_type=\"column\" data-e-type=\"column\">\n\t\t\t<div class=\"elementor-widget-wrap elementor-element-populated\">\n\t\t\t\t\t\t<div class=\"elementor-element elementor-element-2bf49c3e elementor-invisible elementor-widget elementor-widget-image\" data-id=\"2bf49c3e\" data-element_type=\"widget\" data-e-type=\"widget\" data-settings=\"{&quot;_animation&quot;:&quot;fadeInUp&quot;}\" data-widget_type=\"image.default\">\n\t\t\t\t<div class=\"elementor-widget-container\">\n\t\t\t\t\t\t\t\t\t\t\t\t\t\t\t<img decoding=\"async\" width=\"800\" height=\"534\" src=\"https:\/\/familyeyecareiroquoisfalls.ca\/wp-content\/uploads\/2024\/01\/FEC-Website-Photos-13-1024x684.jpg\" class=\"attachment-large size-large wp-image-3264\" alt=\"\" srcset=\"https:\/\/familyeyecareiroquoisfalls.ca\/wp-content\/uploads\/2024\/01\/FEC-Website-Photos-13-1024x684.jpg 1024w, https:\/\/familyeyecareiroquoisfalls.ca\/wp-content\/uploads\/2024\/01\/FEC-Website-Photos-13-300x200.jpg 300w, https:\/\/familyeyecareiroquoisfalls.ca\/wp-content\/uploads\/2024\/01\/FEC-Website-Photos-13-768x513.jpg 768w, https:\/\/familyeyecareiroquoisfalls.ca\/wp-content\/uploads\/2024\/01\/FEC-Website-Photos-13-1536x1026.jpg 1536w, https:\/\/familyeyecareiroquoisfalls.ca\/wp-content\/uploads\/2024\/01\/FEC-Website-Photos-13-2048x1368.jpg 2048w\" sizes=\"(max-width: 800px) 100vw, 800px\" \/>\t\t\t\t\t\t\t\t\t\t\t\t\t\t\t<\/div>\n\t\t\t\t<\/div>\n\t\t\t\t\t<\/div>\n\t\t<\/div>\n\t\t\t\t\t<\/div>\n\t\t<\/section>\n\t\t\t\t\t<\/div>\n\t\t<\/div>\n\t\t\t\t\t<\/div>\n\t\t<\/section>\n\t\t\t\t<section class=\"elementor-section elementor-top-section elementor-element elementor-element-1f0cb123 elementor-section-boxed elementor-section-height-default elementor-section-height-default\" data-id=\"1f0cb123\" data-element_type=\"section\" data-e-type=\"section\" data-settings=\"{&quot;background_background&quot;:&quot;classic&quot;}\">\n\t\t\t\t\t\t<div class=\"elementor-container elementor-column-gap-no\">\n\t\t\t\t\t<div class=\"elementor-column elementor-col-100 elementor-top-column elementor-element elementor-element-32d4224d\" data-id=\"32d4224d\" data-element_type=\"column\" data-e-type=\"column\">\n\t\t\t<div class=\"elementor-widget-wrap elementor-element-populated\">\n\t\t\t\t\t\t<section class=\"elementor-section elementor-inner-section elementor-element elementor-element-62c91f70 elementor-section-boxed elementor-section-height-default elementor-section-height-default\" data-id=\"62c91f70\" data-element_type=\"section\" data-e-type=\"section\">\n\t\t\t\t\t\t<div class=\"elementor-container elementor-column-gap-no\">\n\t\t\t\t\t<div class=\"elementor-column elementor-col-50 elementor-inner-column elementor-element elementor-element-d698d0d\" data-id=\"d698d0d\" data-element_type=\"column\" data-e-type=\"column\">\n\t\t\t<div class=\"elementor-widget-wrap elementor-element-populated\">\n\t\t\t\t\t\t<div class=\"elementor-element elementor-element-dd4b407 elementor-invisible elementor-widget elementor-widget-heading\" data-id=\"dd4b407\" data-element_type=\"widget\" data-e-type=\"widget\" data-settings=\"{&quot;_animation&quot;:&quot;fadeInUp&quot;,&quot;_animation_delay&quot;:50}\" data-widget_type=\"heading.default\">\n\t\t\t\t<div class=\"elementor-widget-container\">\n\t\t\t\t\t<h1 class=\"elementor-heading-title elementor-size-default\">OPTOM\u00c9TRISTES QUALIFI\u00c9S<\/h1>\t\t\t\t<\/div>\n\t\t\t\t<\/div>\n\t\t\t\t<div class=\"elementor-element elementor-element-6bf60ed8 elementor-widget elementor-widget-text-editor\" data-id=\"6bf60ed8\" data-element_type=\"widget\" data-e-type=\"widget\" data-widget_type=\"text-editor.default\">\n\t\t\t\t<div class=\"elementor-widget-container\">\n\t\t\t\t\t\t\t\t\t<p>L\u2019assurance-sante (OHIP) couvrira vos examens complets de la vue si vous r\u00e9pondez aux crit\u00e8res suivants :<\/p>\n\t\t\t\t\t\t\t\t<\/div>\n\t\t\t\t<\/div>\n\t\t\t\t\t<\/div>\n\t\t<\/div>\n\t\t\t\t<div class=\"elementor-column elementor-col-50 elementor-inner-column elementor-element elementor-element-859d06 elementor-hidden-tablet elementor-hidden-mobile\" data-id=\"859d06\" data-element_type=\"column\" data-e-type=\"column\">\n\t\t\t<div class=\"elementor-widget-wrap\">\n\t\t\t\t\t\t\t<\/div>\n\t\t<\/div>\n\t\t\t\t\t<\/div>\n\t\t<\/section>\n\t\t\t\t<section class=\"elementor-section elementor-inner-section elementor-element elementor-element-3de2df39 elementor-section-boxed elementor-section-height-default elementor-section-height-default\" data-id=\"3de2df39\" data-element_type=\"section\" data-e-type=\"section\">\n\t\t\t\t\t\t<div class=\"elementor-container elementor-column-gap-no\">\n\t\t\t\t\t<div class=\"elementor-column elementor-col-100 elementor-inner-column elementor-element elementor-element-498c3b90\" data-id=\"498c3b90\" data-element_type=\"column\" data-e-type=\"column\" data-settings=\"{&quot;background_background&quot;:&quot;classic&quot;}\">\n\t\t\t<div class=\"elementor-widget-wrap elementor-element-populated\">\n\t\t\t\t\t\t<div class=\"elementor-element elementor-element-044acf0 elementor-widget elementor-widget-heading\" data-id=\"044acf0\" data-element_type=\"widget\" data-e-type=\"widget\" data-widget_type=\"heading.default\">\n\t\t\t\t<div class=\"elementor-widget-container\">\n\t\t\t\t\t<h3 class=\"elementor-heading-title elementor-size-default\">Enfants \u00e2g\u00e9s de 0 \u00e0 19 ans<\/h3>\t\t\t\t<\/div>\n\t\t\t\t<\/div>\n\t\t\t\t<div class=\"elementor-element elementor-element-cbdbb35 elementor-icon-list--layout-traditional elementor-list-item-link-full_width elementor-widget elementor-widget-icon-list\" data-id=\"cbdbb35\" data-element_type=\"widget\" data-e-type=\"widget\" data-widget_type=\"icon-list.default\">\n\t\t\t\t<div class=\"elementor-widget-container\">\n\t\t\t\t\t\t\t<ul class=\"elementor-icon-list-items\">\n\t\t\t\t\t\t\t<li class=\"elementor-icon-list-item\">\n\t\t\t\t\t\t\t\t\t\t\t<span class=\"elementor-icon-list-icon\">\n\t\t\t\t\t\t\t<i aria-hidden=\"true\" class=\"fas fa-check-circle\"><\/i>\t\t\t\t\t\t<\/span>\n\t\t\t\t\t\t\t\t\t\t<span class=\"elementor-icon-list-text\">Nous recommandons un premier examen de la vue entre l'\u00e2ge de 6 et 9 mois, puis \u00e0 nouveau avant l'\u00e2ge de 3 ans, et apr\u00e8s \u00e0 chaque ann\u00e9e.<\/span>\n\t\t\t\t\t\t\t\t\t<\/li>\n\t\t\t\t\t\t<\/ul>\n\t\t\t\t\t\t<\/div>\n\t\t\t\t<\/div>\n\t\t\t\t\t<\/div>\n\t\t<\/div>\n\t\t\t\t\t<\/div>\n\t\t<\/section>\n\t\t\t\t<section class=\"elementor-section elementor-inner-section elementor-element elementor-element-a713f47 elementor-section-boxed elementor-section-height-default elementor-section-height-default\" data-id=\"a713f47\" data-element_type=\"section\" data-e-type=\"section\">\n\t\t\t\t\t\t<div class=\"elementor-container elementor-column-gap-no\">\n\t\t\t\t\t<div class=\"elementor-column elementor-col-100 elementor-inner-column elementor-element elementor-element-e6bebfd\" data-id=\"e6bebfd\" data-element_type=\"column\" data-e-type=\"column\" data-settings=\"{&quot;background_background&quot;:&quot;classic&quot;}\">\n\t\t\t<div class=\"elementor-widget-wrap elementor-element-populated\">\n\t\t\t\t\t\t<div class=\"elementor-element elementor-element-1a4360d elementor-widget elementor-widget-heading\" data-id=\"1a4360d\" data-element_type=\"widget\" data-e-type=\"widget\" data-widget_type=\"heading.default\">\n\t\t\t\t<div class=\"elementor-widget-container\">\n\t\t\t\t\t<h3 class=\"elementor-heading-title elementor-size-default\">Adultes de 20 \u00e0 64 ans pr\u00e9sentant l\u2019une des conditions suivantes :<\/h3>\t\t\t\t<\/div>\n\t\t\t\t<\/div>\n\t\t\t\t<div class=\"elementor-element elementor-element-bb52163 elementor-icon-list--layout-traditional elementor-list-item-link-full_width elementor-widget elementor-widget-icon-list\" data-id=\"bb52163\" data-element_type=\"widget\" data-e-type=\"widget\" data-widget_type=\"icon-list.default\">\n\t\t\t\t<div class=\"elementor-widget-container\">\n\t\t\t\t\t\t\t<ul class=\"elementor-icon-list-items\">\n\t\t\t\t\t\t\t<li class=\"elementor-icon-list-item\">\n\t\t\t\t\t\t\t\t\t\t\t<span class=\"elementor-icon-list-icon\">\n\t\t\t\t\t\t\t<i aria-hidden=\"true\" class=\"fas fa-check-circle\"><\/i>\t\t\t\t\t\t<\/span>\n\t\t\t\t\t\t\t\t\t\t<span class=\"elementor-icon-list-text\">Diab\u00e8te<\/span>\n\t\t\t\t\t\t\t\t\t<\/li>\n\t\t\t\t\t\t\t\t<li class=\"elementor-icon-list-item\">\n\t\t\t\t\t\t\t\t\t\t\t<span class=\"elementor-icon-list-icon\">\n\t\t\t\t\t\t\t<i aria-hidden=\"true\" class=\"fas fa-check-circle\"><\/i>\t\t\t\t\t\t<\/span>\n\t\t\t\t\t\t\t\t\t\t<span class=\"elementor-icon-list-text\">Glaucome<\/span>\n\t\t\t\t\t\t\t\t\t<\/li>\n\t\t\t\t\t\t\t\t<li class=\"elementor-icon-list-item\">\n\t\t\t\t\t\t\t\t\t\t\t<span class=\"elementor-icon-list-icon\">\n\t\t\t\t\t\t\t<i aria-hidden=\"true\" class=\"fas fa-check-circle\"><\/i>\t\t\t\t\t\t<\/span>\n\t\t\t\t\t\t\t\t\t\t<span class=\"elementor-icon-list-text\">Cataractes<\/span>\n\t\t\t\t\t\t\t\t\t<\/li>\n\t\t\t\t\t\t\t\t<li class=\"elementor-icon-list-item\">\n\t\t\t\t\t\t\t\t\t\t\t<span class=\"elementor-icon-list-icon\">\n\t\t\t\t\t\t\t<i aria-hidden=\"true\" class=\"fas fa-check-circle\"><\/i>\t\t\t\t\t\t<\/span>\n\t\t\t\t\t\t\t\t\t\t<span class=\"elementor-icon-list-text\">Maladies r\u00e9tiniennes<\/span>\n\t\t\t\t\t\t\t\t\t<\/li>\n\t\t\t\t\t\t\t\t<li class=\"elementor-icon-list-item\">\n\t\t\t\t\t\t\t\t\t\t\t<span class=\"elementor-icon-list-icon\">\n\t\t\t\t\t\t\t<i aria-hidden=\"true\" class=\"fas fa-check-circle\"><\/i>\t\t\t\t\t\t<\/span>\n\t\t\t\t\t\t\t\t\t\t<span class=\"elementor-icon-list-text\">Maladie des voies optiques<\/span>\n\t\t\t\t\t\t\t\t\t<\/li>\n\t\t\t\t\t\t\t\t<li class=\"elementor-icon-list-item\">\n\t\t\t\t\t\t\t\t\t\t\t<span class=\"elementor-icon-list-icon\">\n\t\t\t\t\t\t\t<i aria-hidden=\"true\" class=\"fas fa-check-circle\"><\/i>\t\t\t\t\t\t<\/span>\n\t\t\t\t\t\t\t\t\t\t<span class=\"elementor-icon-list-text\">Maladies corn\u00e9ennes<\/span>\n\t\t\t\t\t\t\t\t\t<\/li>\n\t\t\t\t\t\t\t\t<li class=\"elementor-icon-list-item\">\n\t\t\t\t\t\t\t\t\t\t\t<span class=\"elementor-icon-list-icon\">\n\t\t\t\t\t\t\t<i aria-hidden=\"true\" class=\"fas fa-check-circle\"><\/i>\t\t\t\t\t\t<\/span>\n\t\t\t\t\t\t\t\t\t\t<span class=\"elementor-icon-list-text\">Uv\u00e9ite<\/span>\n\t\t\t\t\t\t\t\t\t<\/li>\n\t\t\t\t\t\t\t\t<li class=\"elementor-icon-list-item\">\n\t\t\t\t\t\t\t\t\t\t\t<span class=\"elementor-icon-list-icon\">\n\t\t\t\t\t\t\t<i aria-hidden=\"true\" class=\"fas fa-check-circle\"><\/i>\t\t\t\t\t\t<\/span>\n\t\t\t\t\t\t\t\t\t\t<span class=\"elementor-icon-list-text\">D\u00e9pistage de la toxicit\u00e9 oculaire des m\u00e9dicaments (Chloroquine, Hydroxychloroquine, Ethambutol et Tamoxif\u00e8ne)<\/span>\n\t\t\t\t\t\t\t\t\t<\/li>\n\t\t\t\t\t\t\t\t<li class=\"elementor-icon-list-item\">\n\t\t\t\t\t\t\t\t\t\t\t<span class=\"elementor-icon-list-icon\">\n\t\t\t\t\t\t\t<i aria-hidden=\"true\" class=\"fas fa-check-circle\"><\/i>\t\t\t\t\t\t<\/span>\n\t\t\t\t\t\t\t\t\t\t<span class=\"elementor-icon-list-text\">Strabisme acquis (oeil qui tourne\/vision double)<\/span>\n\t\t\t\t\t\t\t\t\t<\/li>\n\t\t\t\t\t\t<\/ul>\n\t\t\t\t\t\t<\/div>\n\t\t\t\t<\/div>\n\t\t\t\t\t<\/div>\n\t\t<\/div>\n\t\t\t\t\t<\/div>\n\t\t<\/section>\n\t\t\t\t<section class=\"elementor-section elementor-inner-section elementor-element elementor-element-95a0a77 elementor-section-boxed elementor-section-height-default elementor-section-height-default\" data-id=\"95a0a77\" data-element_type=\"section\" data-e-type=\"section\">\n\t\t\t\t\t\t<div class=\"elementor-container elementor-column-gap-no\">\n\t\t\t\t\t<div class=\"elementor-column elementor-col-100 elementor-inner-column elementor-element elementor-element-9cbad56\" data-id=\"9cbad56\" data-element_type=\"column\" data-e-type=\"column\" data-settings=\"{&quot;background_background&quot;:&quot;classic&quot;}\">\n\t\t\t<div class=\"elementor-widget-wrap elementor-element-populated\">\n\t\t\t\t\t\t<div class=\"elementor-element elementor-element-ffd3f84 elementor-widget elementor-widget-heading\" data-id=\"ffd3f84\" data-element_type=\"widget\" data-e-type=\"widget\" data-widget_type=\"heading.default\">\n\t\t\t\t<div class=\"elementor-widget-container\">\n\t\t\t\t\t<h3 class=\"elementor-heading-title elementor-size-default\">Seniors de 65 ans et plus :<\/h3>\t\t\t\t<\/div>\n\t\t\t\t<\/div>\n\t\t\t\t<div class=\"elementor-element elementor-element-34f41eb elementor-widget elementor-widget-text-editor\" data-id=\"34f41eb\" data-element_type=\"widget\" data-e-type=\"widget\" data-widget_type=\"text-editor.default\">\n\t\t\t\t<div class=\"elementor-widget-container\">\n\t\t\t\t\t\t\t\t\t<p>L&rsquo;OHIP offre une couverture pour les examens complets de la vue aux r\u00e9sidents de l&rsquo;Ontario \u00e2g\u00e9s de 65 ans et plus sur une base de 12 \u00e0 18 mois. Votre optom\u00e9triste peut \u00e9galement recommander des tests suppl\u00e9mentaires dans le cadre de votre examen complet de la vue, tel que <a href=\"https:\/\/familyeyecaretimmins.com\/services#special\">l&rsquo;imagerie r\u00e9tinienne<\/a>, le <a href=\"https:\/\/familyeyecaretimmins.com\/services#special\">champ visuel<\/a> et la <a href=\"https:\/\/familyeyecaretimmins.com\/services#special\">tomographie par coh\u00e9rence optique<\/a> (OCT).<\/p>\n\t\t\t\t\t\t\t\t<\/div>\n\t\t\t\t<\/div>\n\t\t\t\t\t<\/div>\n\t\t<\/div>\n\t\t\t\t\t<\/div>\n\t\t<\/section>\n\t\t\t\t\t<\/div>\n\t\t<\/div>\n\t\t\t\t\t<\/div>\n\t\t<\/section>\n\t\t\t\t<\/div>\n\t\t","protected":false},"excerpt":{"rendered":"<p>NOS SERVICES Examens complets de la vue Il existe une id\u00e9e fausse tr\u00e8s r\u00e9pandue selon laquelle si une personne voit bien, ses yeux doivent \u00eatre en bonne sant\u00e9. En fait, de nombreuses maladies oculaires graves pouvant menacer la vue ne pr\u00e9sentent aucun sympt\u00f4me pr\u00e9curseur. Lors de nos examens complets de la vue, nos optom\u00e9tristes font [&hellip;]<\/p>\n","protected":false},"author":1,"featured_media":2807,"parent":0,"menu_order":0,"comment_status":"closed","ping_status":"closed","template":"elementor_header_footer","meta":{"footnotes":""},"class_list":["post-2290","page","type-page","status-publish","has-post-thumbnail","hentry"],"_links":{"self":[{"href":"https:\/\/familyeyecareiroquoisfalls.ca\/fr\/wp-json\/wp\/v2\/pages\/2290","targetHints":{"allow":["GET"]}}],"collection":[{"href":"https:\/\/familyeyecareiroquoisfalls.ca\/fr\/wp-json\/wp\/v2\/pages"}],"about":[{"href":"https:\/\/familyeyecareiroquoisfalls.ca\/fr\/wp-json\/wp\/v2\/types\/page"}],"author":[{"embeddable":true,"href":"https:\/\/familyeyecareiroquoisfalls.ca\/fr\/wp-json\/wp\/v2\/users\/1"}],"replies":[{"embeddable":true,"href":"https:\/\/familyeyecareiroquoisfalls.ca\/fr\/wp-json\/wp\/v2\/comments?post=2290"}],"version-history":[{"count":5,"href":"https:\/\/familyeyecareiroquoisfalls.ca\/fr\/wp-json\/wp\/v2\/pages\/2290\/revisions"}],"predecessor-version":[{"id":3400,"href":"https:\/\/familyeyecareiroquoisfalls.ca\/fr\/wp-json\/wp\/v2\/pages\/2290\/revisions\/3400"}],"wp:featuredmedia":[{"embeddable":true,"href":"https:\/\/familyeyecareiroquoisfalls.ca\/fr\/wp-json\/wp\/v2\/media\/2807"}],"wp:attachment":[{"href":"https:\/\/familyeyecareiroquoisfalls.ca\/fr\/wp-json\/wp\/v2\/media?parent=2290"}],"curies":[{"name":"wp","href":"https:\/\/api.w.org\/{rel}","templated":true}]}}