{"id":2300,"date":"2023-07-03T21:50:50","date_gmt":"2023-07-03T21:50:50","guid":{"rendered":"https:\/\/familyeyecareiroquoisfalls.ca\/commander-en-ligne\/"},"modified":"2023-12-07T21:52:18","modified_gmt":"2023-12-07T21:52:18","slug":"commander-en-ligne","status":"publish","type":"page","link":"https:\/\/familyeyecareiroquoisfalls.ca\/fr\/commander-en-ligne\/","title":{"rendered":"Commander en ligne"},"content":{"rendered":"\t\t<div data-elementor-type=\"wp-page\" data-elementor-id=\"2300\" class=\"elementor elementor-2300 elementor-32\" data-elementor-post-type=\"page\">\n\t\t\t\t\t\t<section class=\"elementor-section elementor-top-section elementor-element elementor-element-aa3ef04 elementor-section-boxed elementor-section-height-default elementor-section-height-default\" data-id=\"aa3ef04\" data-element_type=\"section\" data-e-type=\"section\" data-settings=\"{&quot;background_background&quot;:&quot;classic&quot;}\">\n\t\t\t\t\t\t\t<div class=\"elementor-background-overlay\"><\/div>\n\t\t\t\t\t\t\t<div class=\"elementor-container elementor-column-gap-default\">\n\t\t\t\t\t<div class=\"elementor-column elementor-col-100 elementor-top-column elementor-element elementor-element-7edc31e\" data-id=\"7edc31e\" data-element_type=\"column\" data-e-type=\"column\">\n\t\t\t<div class=\"elementor-widget-wrap elementor-element-populated\">\n\t\t\t\t\t\t<div class=\"elementor-element elementor-element-90fad28 elementor-invisible elementor-widget elementor-widget-heading\" data-id=\"90fad28\" data-element_type=\"widget\" data-e-type=\"widget\" data-settings=\"{&quot;_animation&quot;:&quot;fadeInUp&quot;,&quot;_animation_delay&quot;:50}\" data-widget_type=\"heading.default\">\n\t\t\t\t<div class=\"elementor-widget-container\">\n\t\t\t\t\t<h1 class=\"elementor-heading-title elementor-size-default\">VOIR NOS PRODUITS<\/h1>\t\t\t\t<\/div>\n\t\t\t\t<\/div>\n\t\t\t\t<div class=\"elementor-element elementor-element-673be51 elementor-invisible elementor-widget elementor-widget-heading\" data-id=\"673be51\" data-element_type=\"widget\" data-e-type=\"widget\" data-settings=\"{&quot;_animation&quot;:&quot;fadeInUp&quot;,&quot;_animation_delay&quot;:100}\" data-widget_type=\"heading.default\">\n\t\t\t\t<div class=\"elementor-widget-container\">\n\t\t\t\t\t<h1 class=\"elementor-heading-title elementor-size-default\">Commander en ligne<\/h1>\t\t\t\t<\/div>\n\t\t\t\t<\/div>\n\t\t\t\t\t<\/div>\n\t\t<\/div>\n\t\t\t\t\t<\/div>\n\t\t<\/section>\n\t\t\t\t<section class=\"elementor-section elementor-top-section elementor-element elementor-element-e46bafa elementor-section-boxed elementor-section-height-default elementor-section-height-default\" data-id=\"e46bafa\" data-element_type=\"section\" data-e-type=\"section\">\n\t\t\t\t\t\t<div class=\"elementor-container elementor-column-gap-default\">\n\t\t\t\t\t<div class=\"elementor-column elementor-col-100 elementor-top-column elementor-element elementor-element-f107ea6\" data-id=\"f107ea6\" data-element_type=\"column\" data-e-type=\"column\">\n\t\t\t<div class=\"elementor-widget-wrap elementor-element-populated\">\n\t\t\t\t\t\t<section class=\"elementor-section elementor-inner-section elementor-element elementor-element-ca1a0ad elementor-section-boxed elementor-section-height-default elementor-section-height-default\" data-id=\"ca1a0ad\" data-element_type=\"section\" data-e-type=\"section\" data-settings=\"{&quot;animation&quot;:&quot;none&quot;}\">\n\t\t\t\t\t\t<div class=\"elementor-container elementor-column-gap-no\">\n\t\t\t\t\t<div class=\"elementor-column elementor-col-33 elementor-inner-column elementor-element elementor-element-df435fd elementor-invisible\" data-id=\"df435fd\" data-element_type=\"column\" data-e-type=\"column\" data-settings=\"{&quot;animation&quot;:&quot;fadeInLeft&quot;}\">\n\t\t\t<div class=\"elementor-widget-wrap elementor-element-populated\">\n\t\t\t\t\t\t<div class=\"elementor-element elementor-element-7f0e9ad elementor-widget__width-auto elementor-widget elementor-widget-heading\" data-id=\"7f0e9ad\" data-element_type=\"widget\" data-e-type=\"widget\" data-widget_type=\"heading.default\">\n\t\t\t\t<div class=\"elementor-widget-container\">\n\t\t\t\t\t<h4 class=\"elementor-heading-title elementor-size-default\"><a href=\"#\">Lunettes et lunettes de soleil<\/a><\/h4>\t\t\t\t<\/div>\n\t\t\t\t<\/div>\n\t\t\t\t<div class=\"elementor-element elementor-element-3ff6cd3 elementor-widget__width-auto elementor-widget elementor-widget-heading\" data-id=\"3ff6cd3\" data-element_type=\"widget\" data-e-type=\"widget\" data-widget_type=\"heading.default\">\n\t\t\t\t<div class=\"elementor-widget-container\">\n\t\t\t\t\t<h2 class=\"elementor-heading-title elementor-size-default\">01<\/h2>\t\t\t\t<\/div>\n\t\t\t\t<\/div>\n\t\t\t\t<div class=\"elementor-element elementor-element-f828957 elementor-position-top elementor-widget elementor-widget-image-box\" data-id=\"f828957\" data-element_type=\"widget\" data-e-type=\"widget\" data-widget_type=\"image-box.default\">\n\t\t\t\t<div class=\"elementor-widget-container\">\n\t\t\t\t\t<div class=\"elementor-image-box-wrapper\"><figure class=\"elementor-image-box-img\"><a href=\"https:\/\/familyeyecareiroquoisfalls.ca\/fr\/lunettes\/\" tabindex=\"-1\"><img fetchpriority=\"high\" decoding=\"async\" width=\"1245\" height=\"840\" src=\"https:\/\/familyeyecareiroquoisfalls.ca\/wp-content\/uploads\/2023\/07\/secretary-in-eyeglasses-2021-09-24-02-55-31-utc.jpg\" class=\"attachment-full size-full wp-image-91\" alt=\"\" srcset=\"https:\/\/familyeyecareiroquoisfalls.ca\/wp-content\/uploads\/2023\/07\/secretary-in-eyeglasses-2021-09-24-02-55-31-utc.jpg 1245w, https:\/\/familyeyecareiroquoisfalls.ca\/wp-content\/uploads\/2023\/07\/secretary-in-eyeglasses-2021-09-24-02-55-31-utc-300x202.jpg 300w, https:\/\/familyeyecareiroquoisfalls.ca\/wp-content\/uploads\/2023\/07\/secretary-in-eyeglasses-2021-09-24-02-55-31-utc-1024x691.jpg 1024w, https:\/\/familyeyecareiroquoisfalls.ca\/wp-content\/uploads\/2023\/07\/secretary-in-eyeglasses-2021-09-24-02-55-31-utc-768x518.jpg 768w\" sizes=\"(max-width: 1245px) 100vw, 1245px\" \/><\/a><\/figure><div class=\"elementor-image-box-content\"><p class=\"elementor-image-box-description\"><a href=\"https:\/\/familyeyecareiroquoisfalls.ca\/fr\/lunettes\/\">D\u00e9tails<\/a><\/p><\/div><\/div>\t\t\t\t<\/div>\n\t\t\t\t<\/div>\n\t\t\t\t<div class=\"elementor-element elementor-element-d51b342 elementor-hidden-desktop elementor-hidden-tablet elementor-widget-divider--view-line elementor-widget elementor-widget-divider\" data-id=\"d51b342\" data-element_type=\"widget\" data-e-type=\"widget\" data-widget_type=\"divider.default\">\n\t\t\t\t<div class=\"elementor-widget-container\">\n\t\t\t\t\t\t\t<div class=\"elementor-divider\">\n\t\t\t<span class=\"elementor-divider-separator\">\n\t\t\t\t\t\t<\/span>\n\t\t<\/div>\n\t\t\t\t\t\t<\/div>\n\t\t\t\t<\/div>\n\t\t\t\t\t<\/div>\n\t\t<\/div>\n\t\t\t\t<div class=\"elementor-column elementor-col-33 elementor-inner-column elementor-element elementor-element-2c17020 elementor-invisible\" data-id=\"2c17020\" data-element_type=\"column\" data-e-type=\"column\" data-settings=\"{&quot;animation&quot;:&quot;fadeInUp&quot;}\">\n\t\t\t<div class=\"elementor-widget-wrap elementor-element-populated\">\n\t\t\t\t\t\t<div class=\"elementor-element elementor-element-f07fba1 elementor-widget__width-auto elementor-widget elementor-widget-heading\" data-id=\"f07fba1\" data-element_type=\"widget\" data-e-type=\"widget\" data-widget_type=\"heading.default\">\n\t\t\t\t<div class=\"elementor-widget-container\">\n\t\t\t\t\t<h4 class=\"elementor-heading-title elementor-size-default\"><a href=\"#\">Lentilles de contact<\/a><\/h4>\t\t\t\t<\/div>\n\t\t\t\t<\/div>\n\t\t\t\t<div class=\"elementor-element elementor-element-cb1b622 elementor-widget__width-auto elementor-widget elementor-widget-heading\" data-id=\"cb1b622\" data-element_type=\"widget\" data-e-type=\"widget\" data-widget_type=\"heading.default\">\n\t\t\t\t<div class=\"elementor-widget-container\">\n\t\t\t\t\t<h2 class=\"elementor-heading-title elementor-size-default\">02<\/h2>\t\t\t\t<\/div>\n\t\t\t\t<\/div>\n\t\t\t\t<div class=\"elementor-element elementor-element-1455825 elementor-position-top elementor-widget elementor-widget-image-box\" data-id=\"1455825\" data-element_type=\"widget\" data-e-type=\"widget\" data-widget_type=\"image-box.default\">\n\t\t\t\t<div class=\"elementor-widget-container\">\n\t\t\t\t\t<div class=\"elementor-image-box-wrapper\"><figure class=\"elementor-image-box-img\"><a href=\"https:\/\/familyeyecaretimmins.ottooptics.io\/reorder\/\" target=\"_blank\" tabindex=\"-1\"><img decoding=\"async\" width=\"2000\" height=\"1333\" src=\"https:\/\/familyeyecareiroquoisfalls.ca\/wp-content\/uploads\/2023\/07\/contact-lenses-on-mirror-surface-with-water-close-2021-09-02-21-42-30-utc.jpg\" class=\"attachment-full size-full wp-image-167\" alt=\"\" srcset=\"https:\/\/familyeyecareiroquoisfalls.ca\/wp-content\/uploads\/2023\/07\/contact-lenses-on-mirror-surface-with-water-close-2021-09-02-21-42-30-utc.jpg 2000w, https:\/\/familyeyecareiroquoisfalls.ca\/wp-content\/uploads\/2023\/07\/contact-lenses-on-mirror-surface-with-water-close-2021-09-02-21-42-30-utc-300x200.jpg 300w, https:\/\/familyeyecareiroquoisfalls.ca\/wp-content\/uploads\/2023\/07\/contact-lenses-on-mirror-surface-with-water-close-2021-09-02-21-42-30-utc-1024x682.jpg 1024w, https:\/\/familyeyecareiroquoisfalls.ca\/wp-content\/uploads\/2023\/07\/contact-lenses-on-mirror-surface-with-water-close-2021-09-02-21-42-30-utc-768x512.jpg 768w, https:\/\/familyeyecareiroquoisfalls.ca\/wp-content\/uploads\/2023\/07\/contact-lenses-on-mirror-surface-with-water-close-2021-09-02-21-42-30-utc-1536x1024.jpg 1536w\" sizes=\"(max-width: 2000px) 100vw, 2000px\" \/><\/a><\/figure><div class=\"elementor-image-box-content\"><p class=\"elementor-image-box-description\"><a href=\"https:\/\/familyeyecaretimmins.ottooptics.io\/reorder\/\">D\u00e9tails<\/a><\/p><\/div><\/div>\t\t\t\t<\/div>\n\t\t\t\t<\/div>\n\t\t\t\t<div class=\"elementor-element elementor-element-a35378f elementor-hidden-desktop elementor-hidden-tablet elementor-widget-divider--view-line elementor-widget elementor-widget-divider\" data-id=\"a35378f\" data-element_type=\"widget\" data-e-type=\"widget\" data-widget_type=\"divider.default\">\n\t\t\t\t<div class=\"elementor-widget-container\">\n\t\t\t\t\t\t\t<div class=\"elementor-divider\">\n\t\t\t<span class=\"elementor-divider-separator\">\n\t\t\t\t\t\t<\/span>\n\t\t<\/div>\n\t\t\t\t\t\t<\/div>\n\t\t\t\t<\/div>\n\t\t\t\t\t<\/div>\n\t\t<\/div>\n\t\t\t\t<div class=\"elementor-column elementor-col-33 elementor-inner-column elementor-element elementor-element-61d9fda elementor-invisible\" data-id=\"61d9fda\" data-element_type=\"column\" data-e-type=\"column\" data-settings=\"{&quot;animation&quot;:&quot;fadeInUp&quot;}\">\n\t\t\t<div class=\"elementor-widget-wrap elementor-element-populated\">\n\t\t\t\t\t\t<div class=\"elementor-element elementor-element-c973b21 elementor-widget__width-auto elementor-widget elementor-widget-heading\" data-id=\"c973b21\" data-element_type=\"widget\" data-e-type=\"widget\" data-widget_type=\"heading.default\">\n\t\t\t\t<div class=\"elementor-widget-container\">\n\t\t\t\t\t<h4 class=\"elementor-heading-title elementor-size-default\"><a href=\"#\">Divers<\/a><\/h4>\t\t\t\t<\/div>\n\t\t\t\t<\/div>\n\t\t\t\t<div class=\"elementor-element elementor-element-9b71506 elementor-widget__width-auto elementor-widget elementor-widget-heading\" data-id=\"9b71506\" data-element_type=\"widget\" data-e-type=\"widget\" data-widget_type=\"heading.default\">\n\t\t\t\t<div class=\"elementor-widget-container\">\n\t\t\t\t\t<h2 class=\"elementor-heading-title elementor-size-default\">03<\/h2>\t\t\t\t<\/div>\n\t\t\t\t<\/div>\n\t\t\t\t<div class=\"elementor-element elementor-element-d2d3e90 elementor-position-top elementor-widget elementor-widget-image-box\" data-id=\"d2d3e90\" data-element_type=\"widget\" data-e-type=\"widget\" data-widget_type=\"image-box.default\">\n\t\t\t\t<div class=\"elementor-widget-container\">\n\t\t\t\t\t<div class=\"elementor-image-box-wrapper\"><figure class=\"elementor-image-box-img\"><a href=\"https:\/\/familyeyecaretimmins.ottooptics.io\/reorder\/\" target=\"_blank\" tabindex=\"-1\"><img decoding=\"async\" width=\"1245\" height=\"850\" src=\"https:\/\/familyeyecareiroquoisfalls.ca\/wp-content\/uploads\/2023\/10\/Untitled-design-158.png\" class=\"attachment-full size-full wp-image-1512\" alt=\"\" srcset=\"https:\/\/familyeyecareiroquoisfalls.ca\/wp-content\/uploads\/2023\/10\/Untitled-design-158.png 1245w, https:\/\/familyeyecareiroquoisfalls.ca\/wp-content\/uploads\/2023\/10\/Untitled-design-158-300x205.png 300w, https:\/\/familyeyecareiroquoisfalls.ca\/wp-content\/uploads\/2023\/10\/Untitled-design-158-1024x699.png 1024w, https:\/\/familyeyecareiroquoisfalls.ca\/wp-content\/uploads\/2023\/10\/Untitled-design-158-768x524.png 768w\" sizes=\"(max-width: 1245px) 100vw, 1245px\" \/><\/a><\/figure><div class=\"elementor-image-box-content\"><p class=\"elementor-image-box-description\"><a href=\"https:\/\/familyeyecaretimmins.ottooptics.io\/reorder\/\">D\u00e9tails<\/a><\/p><\/div><\/div>\t\t\t\t<\/div>\n\t\t\t\t<\/div>\n\t\t\t\t<div class=\"elementor-element elementor-element-d2507db elementor-hidden-desktop elementor-hidden-tablet elementor-widget-divider--view-line elementor-widget elementor-widget-divider\" data-id=\"d2507db\" data-element_type=\"widget\" data-e-type=\"widget\" data-widget_type=\"divider.default\">\n\t\t\t\t<div class=\"elementor-widget-container\">\n\t\t\t\t\t\t\t<div class=\"elementor-divider\">\n\t\t\t<span class=\"elementor-divider-separator\">\n\t\t\t\t\t\t<\/span>\n\t\t<\/div>\n\t\t\t\t\t\t<\/div>\n\t\t\t\t<\/div>\n\t\t\t\t\t<\/div>\n\t\t<\/div>\n\t\t\t\t\t<\/div>\n\t\t<\/section>\n\t\t\t\t\t<\/div>\n\t\t<\/div>\n\t\t\t\t\t<\/div>\n\t\t<\/section>\n\t\t\t\t<\/div>\n\t\t","protected":false},"excerpt":{"rendered":"<p>VOIR NOS PRODUITS Commander en ligne Lunettes et lunettes de soleil 01 D\u00e9tails Lentilles de contact 02 D\u00e9tails Divers 03 D\u00e9tails<\/p>\n","protected":false},"author":1,"featured_media":2807,"parent":0,"menu_order":0,"comment_status":"closed","ping_status":"closed","template":"","meta":{"footnotes":""},"class_list":["post-2300","page","type-page","status-publish","has-post-thumbnail","hentry"],"_links":{"self":[{"href":"https:\/\/familyeyecareiroquoisfalls.ca\/fr\/wp-json\/wp\/v2\/pages\/2300","targetHints":{"allow":["GET"]}}],"collection":[{"href":"https:\/\/familyeyecareiroquoisfalls.ca\/fr\/wp-json\/wp\/v2\/pages"}],"about":[{"href":"https:\/\/familyeyecareiroquoisfalls.ca\/fr\/wp-json\/wp\/v2\/types\/page"}],"author":[{"embeddable":true,"href":"https:\/\/familyeyecareiroquoisfalls.ca\/fr\/wp-json\/wp\/v2\/users\/1"}],"replies":[{"embeddable":true,"href":"https:\/\/familyeyecareiroquoisfalls.ca\/fr\/wp-json\/wp\/v2\/comments?post=2300"}],"version-history":[{"count":5,"href":"https:\/\/familyeyecareiroquoisfalls.ca\/fr\/wp-json\/wp\/v2\/pages\/2300\/revisions"}],"predecessor-version":[{"id":3117,"href":"https:\/\/familyeyecareiroquoisfalls.ca\/fr\/wp-json\/wp\/v2\/pages\/2300\/revisions\/3117"}],"wp:featuredmedia":[{"embeddable":true,"href":"https:\/\/familyeyecareiroquoisfalls.ca\/fr\/wp-json\/wp\/v2\/media\/2807"}],"wp:attachment":[{"href":"https:\/\/familyeyecareiroquoisfalls.ca\/fr\/wp-json\/wp\/v2\/media?parent=2300"}],"curies":[{"name":"wp","href":"https:\/\/api.w.org\/{rel}","templated":true}]}}