{"id":2302,"date":"2023-07-03T21:33:48","date_gmt":"2023-07-03T21:33:48","guid":{"rendered":"https:\/\/familyeyecareiroquoisfalls.ca\/politique-de-confidentialite\/"},"modified":"2023-12-07T21:52:57","modified_gmt":"2023-12-07T21:52:57","slug":"politique-de-confidentialite","status":"publish","type":"page","link":"https:\/\/familyeyecareiroquoisfalls.ca\/fr\/politique-de-confidentialite\/","title":{"rendered":"Politique de confidentialit\u00e9"},"content":{"rendered":"\t\t<div data-elementor-type=\"wp-page\" data-elementor-id=\"2302\" class=\"elementor elementor-2302 elementor-13\" data-elementor-post-type=\"page\">\n\t\t\t\t\t\t<section class=\"elementor-section elementor-top-section elementor-element elementor-element-f7fc278 elementor-section-boxed elementor-section-height-default elementor-section-height-default\" data-id=\"f7fc278\" data-element_type=\"section\" data-e-type=\"section\" data-settings=\"{&quot;background_background&quot;:&quot;classic&quot;}\">\n\t\t\t\t\t\t\t<div class=\"elementor-background-overlay\"><\/div>\n\t\t\t\t\t\t\t<div class=\"elementor-container elementor-column-gap-default\">\n\t\t\t\t\t<div class=\"elementor-column elementor-col-100 elementor-top-column elementor-element elementor-element-4b5cd5b\" data-id=\"4b5cd5b\" data-element_type=\"column\" data-e-type=\"column\">\n\t\t\t<div class=\"elementor-widget-wrap elementor-element-populated\">\n\t\t\t\t\t\t<div class=\"elementor-element elementor-element-c77e50f elementor-invisible elementor-widget elementor-widget-heading\" data-id=\"c77e50f\" data-element_type=\"widget\" data-e-type=\"widget\" data-settings=\"{&quot;_animation&quot;:&quot;fadeInUp&quot;,&quot;_animation_delay&quot;:50}\" data-widget_type=\"heading.default\">\n\t\t\t\t<div class=\"elementor-widget-container\">\n\t\t\t\t\t<h1 class=\"elementor-heading-title elementor-size-default\">REVOIR NOS POLITIQUES<\/h1>\t\t\t\t<\/div>\n\t\t\t\t<\/div>\n\t\t\t\t<div class=\"elementor-element elementor-element-5846a9a elementor-invisible elementor-widget elementor-widget-heading\" data-id=\"5846a9a\" data-element_type=\"widget\" data-e-type=\"widget\" data-settings=\"{&quot;_animation&quot;:&quot;fadeInUp&quot;,&quot;_animation_delay&quot;:100}\" data-widget_type=\"heading.default\">\n\t\t\t\t<div class=\"elementor-widget-container\">\n\t\t\t\t\t<h1 class=\"elementor-heading-title elementor-size-default\">Politique de confidentialit\u00e9<\/h1>\t\t\t\t<\/div>\n\t\t\t\t<\/div>\n\t\t\t\t\t<\/div>\n\t\t<\/div>\n\t\t\t\t\t<\/div>\n\t\t<\/section>\n\t\t\t\t<section class=\"elementor-section elementor-top-section elementor-element elementor-element-21aea7e elementor-section-boxed elementor-section-height-default elementor-section-height-default\" data-id=\"21aea7e\" data-element_type=\"section\" data-e-type=\"section\">\n\t\t\t\t\t\t<div class=\"elementor-container elementor-column-gap-default\">\n\t\t\t\t\t<div class=\"elementor-column elementor-col-100 elementor-top-column elementor-element elementor-element-a64c5c7\" data-id=\"a64c5c7\" data-element_type=\"column\" data-e-type=\"column\">\n\t\t\t<div class=\"elementor-widget-wrap elementor-element-populated\">\n\t\t\t\t\t\t<div class=\"elementor-element elementor-element-9f1d0a3 elementor-widget elementor-widget-price-list\" data-id=\"9f1d0a3\" data-element_type=\"widget\" data-e-type=\"widget\" data-widget_type=\"price-list.default\">\n\t\t\t\t<div class=\"elementor-widget-container\">\n\t\t\t\t\t\n\t\t<ul class=\"elementor-price-list\">\n\n\t\t\t\t\t\t\t\t\t<li class=\"elementor-price-list-item\">\t\t\t\t\n\t\t\t\t<div class=\"elementor-price-list-text\">\n\t\t\t\t\t\t\t\t\t\t\t\t\t\t\t<p class=\"elementor-price-list-description\">\n\t\t\t\t\t\t\tLa pr\u00e9sente politique de confidentialit\u00e9 (\"Politique de confidentialit\u00e9\") concerne les informations collect\u00e9es par le biais de ce site web et des services en ligne (collectivement, le \"site web\") h\u00e9berg\u00e9s par Family Eye Care et ses affili\u00e9s et filiales (collectivement d\u00e9nomm\u00e9s \"Family Eye Care\") et par des tiers au nom de Family Eye Care. Elle ne concerne pas les informations collect\u00e9es d'une autre mani\u00e8re ou hors ligne. Le site web contient des hyperliens vers d'autres sites web non affili\u00e9s qui peuvent avoir des politiques d'information et des pratiques diff\u00e9rentes des n\u00f4tres. Nous n'avons aucun contr\u00f4le sur ces sites web, nous ne sommes pas responsables de leurs politiques de confidentialit\u00e9, de leurs pratiques ou de leur contenu, et la pr\u00e9sente politique de confidentialit\u00e9 ne s'y applique pas.\t\t\t\t\t\t<\/p>\n\t\t\t\t\t\t\t\t<\/div>\n\t\t\t\t<\/li>\t\t\t\t\t\t\t\t\t\t\t\t<li class=\"elementor-price-list-item\">\t\t\t\t\n\t\t\t\t<div class=\"elementor-price-list-text\">\n\t\t\t\t\t\t\t\t\t<div class=\"elementor-price-list-header\">\n\t\t\t\t\t\t\t\t\t\t\t<span class=\"elementor-price-list-title\">\n\t\t\t\t\t\t\tS\u00e9curit\u00e9 de l'information\t\t\t\t\t\t<\/span>\n\t\t\t\t\t\t\t\t\t\t\t\t\t\t\t\t\t\t\t\t\t<\/div>\n\t\t\t\t\t\t\t\t\t\t\t\t\t\t\t<p class=\"elementor-price-list-description\">\n\t\t\t\t\t\t\tNous nous engageons \u00e0 garantir la s\u00e9curit\u00e9 de vos informations. Afin d'emp\u00eacher tout acc\u00e8s ou toute divulgation non autoris\u00e9s, Family Eye Care a mis en place des proc\u00e9dures physiques, \u00e9lectroniques et de gestion appropri\u00e9es pour sauvegarder et s\u00e9curiser les informations que nous recueillons en ligne. Cependant, en raison de la conception de l'internet, aucune m\u00e9thode de transmission sur l'internet ou sur un appareil mobile n'est s\u00fbre \u00e0 100 %. Par cons\u00e9quent, nous ne pouvons pas garantir que les communications entre vous et nos serveurs seront absolument s\u00e9curis\u00e9es ou exemptes d'acc\u00e8s non autoris\u00e9 par des tiers.\t\t\t\t\t\t<\/p>\n\t\t\t\t\t\t\t\t<\/div>\n\t\t\t\t<\/li>\t\t\t\t\t\t\t\t\t\t\t\t<li class=\"elementor-price-list-item\">\t\t\t\t\n\t\t\t\t<div class=\"elementor-price-list-text\">\n\t\t\t\t\t\t\t\t\t<div class=\"elementor-price-list-header\">\n\t\t\t\t\t\t\t\t\t\t\t<span class=\"elementor-price-list-title\">\n\t\t\t\t\t\t\tVie priv\u00e9e des enfants\t\t\t\t\t\t<\/span>\n\t\t\t\t\t\t\t\t\t\t\t\t\t\t\t\t\t\t\t\t\t<\/div>\n\t\t\t\t\t\t\t\t\t\t\t\t\t\t\t<p class=\"elementor-price-list-description\">\n\t\t\t\t\t\t\t\nNous ne cherchons pas \u00e0 collecter ni \u00e0 conserver sciemment des informations concernant des personnes \u00e2g\u00e9es de moins de 18 ans. Aucune partie du site web n'est structur\u00e9e de mani\u00e8re \u00e0 attirer des personnes de moins de 18 ans. En utilisant le site web, vous d\u00e9clarez que vous n'avez pas moins de 18 ans. Si un enfant nous a fourni des informations personnelles, un parent ou un tuteur de cet enfant peut nous contacter pour que ces informations soient supprim\u00e9es de nos dossiers. Pour ce faire, contactez Family Eye Care en utilisant les informations fournies ci-dessous dans la section \"Comment nous contacter\". Si nous apprenons qu'un enfant de moins de 18 ans nous a fourni des informations personnelles sans le consentement de ses parents, nous prendrons des mesures pour supprimer ces informations.\t\t\t\t\t\t<\/p>\n\t\t\t\t\t\t\t\t<\/div>\n\t\t\t\t<\/li>\t\t\t\t\t\t\t\t\t\t\t\t<li class=\"elementor-price-list-item\">\t\t\t\t\n\t\t\t\t<div class=\"elementor-price-list-text\">\n\t\t\t\t\t\t\t\t\t<div class=\"elementor-price-list-header\">\n\t\t\t\t\t\t\t\t\t\t\t<span class=\"elementor-price-list-title\">\n\t\t\t\t\t\t\tComment nous collectons vos informations\t\t\t\t\t\t<\/span>\n\t\t\t\t\t\t\t\t\t\t\t\t\t\t\t\t\t\t\t\t\t<\/div>\n\t\t\t\t\t\t\t\t\t\t\t\t\t\t\t<p class=\"elementor-price-list-description\">\n\t\t\t\t\t\t\tFamily Eye Care recueille certaines informations aupr\u00e8s de vous afin de vous offrir les avantages li\u00e9s \u00e0 l'utilisation du site web.\t\t\t\t\t\t<\/p>\n\t\t\t\t\t\t\t\t<\/div>\n\t\t\t\t<\/li>\t\t\t\t\t\t\t\t\t\t\t\t<li class=\"elementor-price-list-item\">\t\t\t\t\n\t\t\t\t<div class=\"elementor-price-list-text\">\n\t\t\t\t\t\t\t\t\t<div class=\"elementor-price-list-header\">\n\t\t\t\t\t\t\t\t\t\t\t<span class=\"elementor-price-list-title\">\n\t\t\t\t\t\t\tInformations personnelles\t\t\t\t\t\t<\/span>\n\t\t\t\t\t\t\t\t\t\t\t\t\t\t\t\t\t\t\t\t\t<\/div>\n\t\t\t\t\t\t\t\t\t\t\t\t\t\t\t<p class=\"elementor-price-list-description\">\n\t\t\t\t\t\t\tVous pouvez nous fournir des informations personnellement identifiables (\"informations personnelles\") lorsque vous utilisez le site web en nous fournissant explicitement ces informations (par exemple, en nous contactant par le biais de la section \"Contactez-nous\" sur chaque page et sur la page de contact ou par d'autres moyens similaires). Les informations personnelles comprennent toute information permettant de vous identifier personnellement et peuvent inclure votre nom, votre adresse, votre \u00e2ge, votre date de naissance, votre adresse \u00e9lectronique, votre profession, vos informations professionnelles, votre num\u00e9ro de t\u00e9l\u00e9phone, votre niveau d'\u00e9tudes, votre num\u00e9ro de carte de cr\u00e9dit et d'autres informations similaires. Notez que les informations que vous fournissez dans le cadre ou en relation avec vos publications publiques (telles que d\u00e9finies ci-dessous) ne seront pas trait\u00e9es comme des informations personnelles aux fins de la pr\u00e9sente politique de protection de la vie priv\u00e9e.\t\t\t\t\t\t<\/p>\n\t\t\t\t\t\t\t\t<\/div>\n\t\t\t\t<\/li>\t\t\t\t\t\t\t\t\t\t\t\t<li class=\"elementor-price-list-item\">\t\t\t\t\n\t\t\t\t<div class=\"elementor-price-list-text\">\n\t\t\t\t\t\t\t\t\t<div class=\"elementor-price-list-header\">\n\t\t\t\t\t\t\t\t\t\t\t<span class=\"elementor-price-list-title\">\n\t\t\t\t\t\t\tDonn\u00e9es automatiques\t\t\t\t\t\t<\/span>\n\t\t\t\t\t\t\t\t\t\t\t\t\t\t\t\t\t\t\t\t\t<\/div>\n\t\t\t\t\t\t\t\t\t\t\t\t\t\t\t<p class=\"elementor-price-list-description\">\n\t\t\t\t\t\t\tNous pouvons enregistrer des informations sur votre ordinateur et\/ou suivre votre activit\u00e9 lorsque vous utilisez le site web. Par exemple, nous pouvons enregistrer le nombre de fois que vous cliquez sur un hyperlien, d\u00e9terminer si vous avez visit\u00e9 le site web \u00e0 partir d'un lien internet ou d'une publicit\u00e9 particuli\u00e8re, ou suivre votre parcours sur le site web. Cette collecte automatique de donn\u00e9es (\"donn\u00e9es automatiques\") peut inclure, sans s'y limiter, des informations collect\u00e9es par des cookies (voir la section \"Comment nous utilisons les cookies\" ci-dessous), des adresses IP, des donn\u00e9es de journal, des donn\u00e9es de navigation et des GIF transparents. Certains de nos contenus en ligne, tels que les publicit\u00e9s, peuvent \u00eatre fournis par des tiers susceptibles de collecter des donn\u00e9es automatiques concernant votre activit\u00e9 en ligne. Ces tiers comprennent, par exemple, Google Ads et Burst Media. Les informations collect\u00e9es par des tiers sont soumises \u00e0 leurs propres politiques de confidentialit\u00e9 et Family Eye Care n'est pas responsable de leurs politiques de confidentialit\u00e9, de leurs pratiques ou de leur contenu. Nous utilisons ces donn\u00e9es automatiques pour rendre compte de l'activit\u00e9 globale sur le site web et pour mieux comprendre les besoins de nos utilisateurs afin de pouvoir prendre des d\u00e9cisions \u00e9clair\u00e9es concernant le contenu et la conception du site web. Nous pouvons \u00e9galement utiliser ces donn\u00e9es automatiques pour personnaliser votre exp\u00e9rience sur le site web. Nous pouvons \u00e9galement partager des donn\u00e9es automatiques avec des tiers. Si vous nous fournissez des informations personnelles, nous pouvons combiner et utiliser les donn\u00e9es automatiques avec les informations personnelles.\t\t\t\t\t\t<\/p>\n\t\t\t\t\t\t\t\t<\/div>\n\t\t\t\t<\/li>\t\t\t\t\t\t\t\t\t\t\t\t<li class=\"elementor-price-list-item\">\t\t\t\t\n\t\t\t\t<div class=\"elementor-price-list-text\">\n\t\t\t\t\t\t\t\t\t<div class=\"elementor-price-list-header\">\n\t\t\t\t\t\t\t\t\t\t\t<span class=\"elementor-price-list-title\">\n\t\t\t\t\t\t\tComment nous utilisons les cookies\t\t\t\t\t\t<\/span>\n\t\t\t\t\t\t\t\t\t\t\t\t\t\t\t\t\t\t\t\t\t<\/div>\n\t\t\t\t\t\t\t\t\t\t\t\t\t\t\t<p class=\"elementor-price-list-description\">\n\t\t\t\t\t\t\tUn cookie est un petit fichier qui demande la permission d'\u00eatre plac\u00e9 sur le disque dur de votre ordinateur. Une fois que vous avez donn\u00e9 votre accord, le fichier est ajout\u00e9 et le cookie aide \u00e0 analyser le trafic web ou vous permet de savoir quand vous visitez un site particulier. Les cookies permettent aux applications web de vous r\u00e9pondre en tant qu'individu. L'application web peut adapter ses op\u00e9rations \u00e0 vos besoins, \u00e0 vos go\u00fbts et \u00e0 vos aversions en recueillant et en m\u00e9morisant des informations sur vos pr\u00e9f\u00e9rences. Family Eye Care utilise des cookies pour identifier les pages utilis\u00e9es. Cela nous permet d'analyser les donn\u00e9es relatives au trafic des pages web et d'am\u00e9liorer notre site web afin de l'adapter aux besoins des clients. Nous n'utilisons ces informations qu'\u00e0 des fins d'analyse statistique et les donn\u00e9es sont ensuite supprim\u00e9es du syst\u00e8me. Dans l'ensemble, les cookies aident Family Eye Care \u00e0 vous fournir un meilleur site web, en nous permettant de surveiller les pages que vous trouvez utiles et celles qui ne le sont pas. Un cookie ne nous donne en aucun cas acc\u00e8s \u00e0 votre ordinateur ou \u00e0 toute autre information vous concernant, \u00e0 l'exception des donn\u00e9es que vous choisissez de partager avec nous.  \nVous pouvez choisir d'accepter ou de refuser les cookies. La plupart des navigateurs web acceptent automatiquement les cookies, mais vous pouvez g\u00e9n\u00e9ralement modifier les param\u00e8tres de votre navigateur pour refuser les cookies si vous le souhaitez. Cela peut vous emp\u00eacher de profiter pleinement du site web.\t\t\t\t\t\t<\/p>\n\t\t\t\t\t\t\t\t<\/div>\n\t\t\t\t<\/li>\t\t\t\t\t\t\t\t\t\t\t\t<li class=\"elementor-price-list-item\">\t\t\t\t\n\t\t\t\t<div class=\"elementor-price-list-text\">\n\t\t\t\t\t\t\t\t\t<div class=\"elementor-price-list-header\">\n\t\t\t\t\t\t\t\t\t\t\t<span class=\"elementor-price-list-title\">\n\t\t\t\t\t\t\t  Comment nous utilisons et partageons vos informations\t\t\t\t\t\t<\/span>\n\t\t\t\t\t\t\t\t\t\t\t\t\t\t\t\t\t\t\t\t\t<\/div>\n\t\t\t\t\t\t\t\t\t\t\t\t\t\t\t<p class=\"elementor-price-list-description\">\n\t\t\t\t\t\t\tNous pouvons utiliser et\/ou divulguer vos informations personnelles pour les raisons suivantes :\n(a) pour vous contacter en r\u00e9ponse \u00e0 vos demandes, commentaires et suggestions, ou pour vous contacter d'une autre mani\u00e8re si n\u00e9cessaire ;\n(b) dans le but sp\u00e9cifique pour lequel il a \u00e9t\u00e9 fourni volontairement ;\n(c) suivre l'utilisation que vous faites du site web \u00e0 des fins d'\u00e9tude de march\u00e9 interne ;\n(d) am\u00e9liorer le site web et les produits et services dont Family Eye Care fait la promotion ou\npar l'interm\u00e9diaire du site web ;\n(e) pour vous demander de participer \u00e0 de br\u00e8ves enqu\u00eates ;\n(f) vous informer des mises \u00e0 jour du site web ou d'autres services ;\n(g) \u00e0 fournir aux affili\u00e9s de Family Eye Care ou \u00e0 des tiers dans le cadre de la\nles objectifs commerciaux l\u00e9gitimes de Family Eye Care ou du site web, y compris les objectifs externes.\nle traitement de ces informations personnelles ;\n(h) \u00eatre fournis \u00e0 des tiers \u00e0 des fins commerciales l\u00e9gitimes de ces tiers,\ny compris la publicit\u00e9 ;\n(i) pour r\u00e9aliser des \u00e9tudes statistiques globales ;\n(j) si la loi ou la r\u00e9glementation l'exige, ou si les autorit\u00e9s gouvernementales le demandent, ou pour les besoins de l'enqu\u00eate.\nla protection des personnes ou des biens, ou pour nous aider \u00e0 pr\u00e9venir les fraudes ou \u00e0 mener des enqu\u00eates, ou pour\nappliquer les conditions d'utilisation ou d'autres politiques de Family Eye Care ;\n(k) dans le cadre d'une acquisition, d'une fusion, d'une restructuration, d'une vente ou d'un autre transfert impliquant\ntout ou partie des activit\u00e9s associ\u00e9es au site web ;\n(l) publier des articles, des r\u00e9cits, des recueils et d'autres publications\n\u00e0 d'autres fins professionnelles ;\nEn fournissant des informations personnelles en ligne sur le site Web ou par le biais d'informations collect\u00e9es en ligne au nom de Family Eye Care, vous consentez \u00e0 ce que nous utilisions vos informations personnelles de la mani\u00e8re d\u00e9crite ci-dessus et \u00e0 ce que nous vous contactions par courrier \u00e9lectronique, par t\u00e9l\u00e9copie et par d'autres moyens de communication pour l'une quelconque des utilisations mentionn\u00e9es ci-dessus. Voir la section \"Comment refuser les communications par courrier \u00e9lectronique\" ci-dessous pour plus d'informations sur le refus des communications par courrier \u00e9lectronique.\t\t\t\t\t\t<\/p>\n\t\t\t\t\t\t\t\t<\/div>\n\t\t\t\t<\/li>\t\t\t\t\t\t\t\t\t\t\t\t<li class=\"elementor-price-list-item\">\t\t\t\t\n\t\t\t\t<div class=\"elementor-price-list-text\">\n\t\t\t\t\t\t\t\t\t<div class=\"elementor-price-list-header\">\n\t\t\t\t\t\t\t\t\t\t\t<span class=\"elementor-price-list-title\">\n\t\t\t\t\t\t\t  Contr\u00f4le des donn\u00e9es personnelles\t\t\t\t\t\t<\/span>\n\t\t\t\t\t\t\t\t\t\t\t\t\t\t\t\t\t\t\t\t\t<\/div>\n\t\t\t\t\t\t\t\t\t\t\t\t\t\t\t<p class=\"elementor-price-list-description\">\n\t\t\t\t\t\t\tVous pouvez choisir de restreindre la collecte ou l'utilisation de vos informations personnelles de la mani\u00e8re suivante :\n(a) chaque fois qu'il vous est demand\u00e9 de remplir un formulaire sur le site web, recherchez la case que vous pouvez cliquer pour indiquer que vous ne souhaitez pas que les informations soient utilis\u00e9es par qui que ce soit \u00e0 des fins de marketing direct\n(b) si vous avez d\u00e9j\u00e0 accept\u00e9 que nous utilisions vos informations personnelles \u00e0 des fins de marketing direct, vous pouvez changer d'avis \u00e0 tout moment en nous \u00e9crivant ou en nous envoyant un courrier \u00e9lectronique. Voir la section \"Comment nous contacter\" ci-dessous pour plus d'informations.\nNous ne vendrons pas, ne distribuerons pas et ne louerons pas vos informations personnelles \u00e0 des tiers, sauf si nous avons votre autorisation ou si nous sommes tenus par la loi de le faire. Nous pouvons utiliser vos informations personnelles pour vous envoyer des informations promotionnelles sur des tiers que nous pensons susceptibles de vous int\u00e9resser, si vous nous en donnez l'autorisation.\nVous pouvez demander des d\u00e9tails sur les informations personnelles que nous d\u00e9tenons \u00e0 votre sujet. Une petite redevance sera appliqu\u00e9e. Si vous souhaitez obtenir une copie des informations d\u00e9tenues sur vous, veuillez \u00e9crire \u00e0 Family Eye Care Si vous pensez que les informations que nous d\u00e9tenons sur vous sont incorrectes ou incompl\u00e8tes, veuillez \u00e9crire \u00e0 Family Eye Care Nous corrigerons rapidement toute information jug\u00e9e incorrecte. Voir la section \"Comment nous contacter\" ci-dessous pour plus d'informations.\t\t\t\t\t\t<\/p>\n\t\t\t\t\t\t\t\t<\/div>\n\t\t\t\t<\/li>\t\t\t\t\t\t\t\t\t\t\t\t<li class=\"elementor-price-list-item\">\t\t\t\t\n\t\t\t\t<div class=\"elementor-price-list-text\">\n\t\t\t\t\t\t\t\t\t<div class=\"elementor-price-list-header\">\n\t\t\t\t\t\t\t\t\t\t\t<span class=\"elementor-price-list-title\">\n\t\t\t\t\t\t\tComment refuser les communications par courrier \u00e9lectronique\t\t\t\t\t\t<\/span>\n\t\t\t\t\t\t\t\t\t\t\t\t\t\t\t\t\t\t\t\t\t<\/div>\n\t\t\t\t\t\t\t\t\t\t\t\t\t\t\t<p class=\"elementor-price-list-description\">\n\t\t\t\t\t\t\t\nSi vous fournissez votre adresse \u00e9lectronique \u00e0 Family Eye Care, Family Eye Care peut vous envoyer de temps \u00e0 autre des courriels sur des produits (par exemple, des bulletins d'information \u00e9lectroniques). Si vous ne souhaitez pas recevoir l'e-mail relatif \u00e0 un produit particulier, vous pouvez vous d\u00e9sabonner des futurs e-mails concernant ce produit en suivant les instructions de d\u00e9sabonnement figurant dans l'e-mail. Les demandes d'exclusion sont sp\u00e9cifiques \u00e0 des produits particuliers. Si, par exemple, vous vous d\u00e9sabonnez d'une lettre d'information \u00e9lectronique de Family Eye Care, il se peut que vous receviez encore des courriels de notre part concernant d'autres produits, tels que des webinaires ou des demandes de r\u00e9ponses \u00e0 des enqu\u00eates, tous relatifs \u00e0 Family Eye Care.\t\t\t\t\t\t<\/p>\n\t\t\t\t\t\t\t\t<\/div>\n\t\t\t\t<\/li>\t\t\t\t\t\t\t\t\t\t\t\t<li class=\"elementor-price-list-item\">\t\t\t\t\n\t\t\t\t<div class=\"elementor-price-list-text\">\n\t\t\t\t\t\t\t\t\t<div class=\"elementor-price-list-header\">\n\t\t\t\t\t\t\t\t\t\t\t<span class=\"elementor-price-list-title\">\n\t\t\t\t\t\t\tConditions d'utilisation et mises \u00e0 jour de la politique de confidentialit\u00e9\t\t\t\t\t\t<\/span>\n\t\t\t\t\t\t\t\t\t\t\t\t\t\t\t\t\t\t\t\t\t<\/div>\n\t\t\t\t\t\t\t\t\t\t\t\t\t\t\t<p class=\"elementor-price-list-description\">\n\t\t\t\t\t\t\tEn utilisant le site web, vous acceptez les termes et conditions de la pr\u00e9sente politique de confidentialit\u00e9, telle que modifi\u00e9e de temps \u00e0 autre, y compris la collecte et l'utilisation des informations personnelles, ainsi que nos conditions d'utilisation. Veuillez cliquer ici pour consulter l'int\u00e9gralit\u00e9 de nos conditions d'utilisation. La politique de protection de la vie priv\u00e9e peut \u00eatre modifi\u00e9e en cas de besoin, c'est pourquoi nous vous invitons \u00e0 consulter cette page de temps \u00e0 autre. La politique de confidentialit\u00e9 modifi\u00e9e entrera en vigueur d\u00e8s sa publication sur le site web, et nous indiquerons en haut de cette page la date \u00e0 laquelle toute modification a \u00e9t\u00e9 apport\u00e9e. En continuant \u00e0 utiliser le site web apr\u00e8s la publication des modifications apport\u00e9es \u00e0 la politique de protection de la vie priv\u00e9e, vous acceptez les modifications et notre utilisation de vos informations personnelles conform\u00e9ment \u00e0 la politique r\u00e9vis\u00e9e. Family Eye Care peut, mais n'est pas tenu de le faire, vous informer de ces modifications de la pr\u00e9sente politique de confidentialit\u00e9 par courrier \u00e9lectronique ou par d'autres moyens de communication.\t\t\t\t\t\t<\/p>\n\t\t\t\t\t\t\t\t<\/div>\n\t\t\t\t<\/li>\t\t\t\t\t\t\t\t\t\t\t\t<li class=\"elementor-price-list-item\">\t\t\t\t\n\t\t\t\t<div class=\"elementor-price-list-text\">\n\t\t\t\t\t\t\t\t\t<div class=\"elementor-price-list-header\">\n\t\t\t\t\t\t\t\t\t\t\t<span class=\"elementor-price-list-title\">\n\t\t\t\t\t\t\tR\u00e9sidents non canadiens\t\t\t\t\t\t<\/span>\n\t\t\t\t\t\t\t\t\t\t\t\t\t\t\t\t\t\t\t\t\t<\/div>\n\t\t\t\t\t\t\t\t\t\t\t\t\t\t\t<p class=\"elementor-price-list-description\">\n\t\t\t\t\t\t\t\nSi vous ne r\u00e9sidez pas au Canada et que vous visitez le site web, en nous fournissant des informations personnelles, vous comprenez et consentez par la pr\u00e9sente \u00e0 ce que vos informations personnelles soient transf\u00e9r\u00e9es et trait\u00e9es sur des ordinateurs au Canada et dans d'autres pays. Ne nous fournissez pas vos informations personnelles si vous ne souhaitez pas que ces informations soient transf\u00e9r\u00e9es ou trait\u00e9es en dehors de votre pays, ou si les lois de votre pays limitent ces types de transferts. Veuillez plut\u00f4t nous contacter pour nous faire part de votre demande. Les informations personnelles que vous nous fournissez sont trait\u00e9es conform\u00e9ment \u00e0 la pr\u00e9sente politique de confidentialit\u00e9. En nous fournissant des informations personnelles par l'interm\u00e9diaire du site web, vous acceptez les conditions de la pr\u00e9sente politique de protection de la vie priv\u00e9e.\t\t\t\t\t\t<\/p>\n\t\t\t\t\t\t\t\t<\/div>\n\t\t\t\t<\/li>\t\t\t\t\t\t\t\t\t\t\t\t<li class=\"elementor-price-list-item\">\t\t\t\t\n\t\t\t\t<div class=\"elementor-price-list-text\">\n\t\t\t\t\t\t\t\t\t<div class=\"elementor-price-list-header\">\n\t\t\t\t\t\t\t\t\t\t\t<span class=\"elementor-price-list-title\">\n\t\t\t\t\t\t\tComment nous contacter\t\t\t\t\t\t<\/span>\n\t\t\t\t\t\t\t\t\t\t\t\t\t\t\t\t\t\t\t\t\t<\/div>\n\t\t\t\t\t\t\t\t\t\t\t\t\t\t\t<p class=\"elementor-price-list-description\">\n\t\t\t\t\t\t\tSi vous avez des questions ou des pr\u00e9occupations concernant cette politique de confidentialit\u00e9, veuillez contacter Family Eye Care par e-mail. Toutes les informations de contact peuvent \u00eatre trouv\u00e9es sur notre page de contact.\t\t\t\t\t\t<\/p>\n\t\t\t\t\t\t\t\t<\/div>\n\t\t\t\t<\/li>\t\t\t\t\t\n\t\t<\/ul>\n\n\t\t\t\t\t\t<\/div>\n\t\t\t\t<\/div>\n\t\t\t\t\t<\/div>\n\t\t<\/div>\n\t\t\t\t\t<\/div>\n\t\t<\/section>\n\t\t\t\t<\/div>\n\t\t","protected":false},"excerpt":{"rendered":"<p>REVOIR NOS POLITIQUES Politique de confidentialit\u00e9 La pr\u00e9sente politique de confidentialit\u00e9 (\u00ab\u00a0Politique de confidentialit\u00e9\u00a0\u00bb) concerne les informations collect\u00e9es par le biais de ce site web et des services en ligne (collectivement, le \u00ab\u00a0site web\u00a0\u00bb) h\u00e9berg\u00e9s par Family Eye Care et ses affili\u00e9s et filiales (collectivement d\u00e9nomm\u00e9s \u00ab\u00a0Family Eye Care\u00a0\u00bb) et par des tiers au nom [&hellip;]<\/p>\n","protected":false},"author":1,"featured_media":2807,"parent":0,"menu_order":0,"comment_status":"closed","ping_status":"closed","template":"elementor_header_footer","meta":{"footnotes":""},"class_list":["post-2302","page","type-page","status-publish","has-post-thumbnail","hentry"],"_links":{"self":[{"href":"https:\/\/familyeyecareiroquoisfalls.ca\/fr\/wp-json\/wp\/v2\/pages\/2302","targetHints":{"allow":["GET"]}}],"collection":[{"href":"https:\/\/familyeyecareiroquoisfalls.ca\/fr\/wp-json\/wp\/v2\/pages"}],"about":[{"href":"https:\/\/familyeyecareiroquoisfalls.ca\/fr\/wp-json\/wp\/v2\/types\/page"}],"author":[{"embeddable":true,"href":"https:\/\/familyeyecareiroquoisfalls.ca\/fr\/wp-json\/wp\/v2\/users\/1"}],"replies":[{"embeddable":true,"href":"https:\/\/familyeyecareiroquoisfalls.ca\/fr\/wp-json\/wp\/v2\/comments?post=2302"}],"version-history":[{"count":5,"href":"https:\/\/familyeyecareiroquoisfalls.ca\/fr\/wp-json\/wp\/v2\/pages\/2302\/revisions"}],"predecessor-version":[{"id":2875,"href":"https:\/\/familyeyecareiroquoisfalls.ca\/fr\/wp-json\/wp\/v2\/pages\/2302\/revisions\/2875"}],"wp:featuredmedia":[{"embeddable":true,"href":"https:\/\/familyeyecareiroquoisfalls.ca\/fr\/wp-json\/wp\/v2\/media\/2807"}],"wp:attachment":[{"href":"https:\/\/familyeyecareiroquoisfalls.ca\/fr\/wp-json\/wp\/v2\/media?parent=2302"}],"curies":[{"name":"wp","href":"https:\/\/api.w.org\/{rel}","templated":true}]}}