{"id":2304,"date":"2023-07-03T21:36:11","date_gmt":"2023-07-03T21:36:11","guid":{"rendered":"https:\/\/familyeyecareiroquoisfalls.ca\/services\/"},"modified":"2024-03-01T18:49:00","modified_gmt":"2024-03-01T18:49:00","slug":"services","status":"publish","type":"page","link":"https:\/\/familyeyecareiroquoisfalls.ca\/fr\/services\/","title":{"rendered":"Services"},"content":{"rendered":"\t\t<div data-elementor-type=\"wp-page\" data-elementor-id=\"2304\" class=\"elementor elementor-2304 elementor-19\" data-elementor-post-type=\"page\">\n\t\t\t\t\t\t<section class=\"elementor-section elementor-top-section elementor-element elementor-element-d65d0ef elementor-section-boxed elementor-section-height-default elementor-section-height-default\" data-id=\"d65d0ef\" data-element_type=\"section\" data-e-type=\"section\" data-settings=\"{&quot;background_background&quot;:&quot;classic&quot;}\">\n\t\t\t\t\t\t\t<div class=\"elementor-background-overlay\"><\/div>\n\t\t\t\t\t\t\t<div class=\"elementor-container elementor-column-gap-default\">\n\t\t\t\t\t<div class=\"elementor-column elementor-col-100 elementor-top-column elementor-element elementor-element-2f0a914\" data-id=\"2f0a914\" data-element_type=\"column\" data-e-type=\"column\">\n\t\t\t<div class=\"elementor-widget-wrap elementor-element-populated\">\n\t\t\t\t\t\t<div class=\"elementor-element elementor-element-147d67d elementor-invisible elementor-widget elementor-widget-heading\" data-id=\"147d67d\" data-element_type=\"widget\" data-e-type=\"widget\" data-settings=\"{&quot;_animation&quot;:&quot;fadeInUp&quot;,&quot;_animation_delay&quot;:50}\" data-widget_type=\"heading.default\">\n\t\t\t\t<div class=\"elementor-widget-container\">\n\t\t\t\t\t<h1 class=\"elementor-heading-title elementor-size-default\">CE QUE NOUS OFFRONS<\/h1>\t\t\t\t<\/div>\n\t\t\t\t<\/div>\n\t\t\t\t<div class=\"elementor-element elementor-element-6e1914a elementor-invisible elementor-widget elementor-widget-heading\" data-id=\"6e1914a\" data-element_type=\"widget\" data-e-type=\"widget\" data-settings=\"{&quot;_animation&quot;:&quot;fadeInUp&quot;,&quot;_animation_delay&quot;:100}\" data-widget_type=\"heading.default\">\n\t\t\t\t<div class=\"elementor-widget-container\">\n\t\t\t\t\t<h1 class=\"elementor-heading-title elementor-size-default\">Services<\/h1>\t\t\t\t<\/div>\n\t\t\t\t<\/div>\n\t\t\t\t\t<\/div>\n\t\t<\/div>\n\t\t\t\t\t<\/div>\n\t\t<\/section>\n\t\t\t\t<section class=\"elementor-section elementor-top-section elementor-element elementor-element-c61e939 elementor-section-boxed elementor-section-height-default elementor-section-height-default\" data-id=\"c61e939\" data-element_type=\"section\" data-e-type=\"section\">\n\t\t\t\t\t\t\t<div class=\"elementor-background-overlay\"><\/div>\n\t\t\t\t\t\t\t<div class=\"elementor-container elementor-column-gap-no\">\n\t\t\t\t\t<div class=\"elementor-column elementor-col-100 elementor-top-column elementor-element elementor-element-8ac67ba\" data-id=\"8ac67ba\" data-element_type=\"column\" data-e-type=\"column\">\n\t\t\t<div class=\"elementor-widget-wrap elementor-element-populated\">\n\t\t\t\t\t\t<section class=\"elementor-section elementor-inner-section elementor-element elementor-element-ac02021 elementor-section-boxed elementor-section-height-default elementor-section-height-default\" data-id=\"ac02021\" data-element_type=\"section\" data-e-type=\"section\" data-settings=\"{&quot;animation&quot;:&quot;none&quot;}\">\n\t\t\t\t\t\t<div class=\"elementor-container elementor-column-gap-no\">\n\t\t\t\t\t<div class=\"elementor-column elementor-col-33 elementor-inner-column elementor-element elementor-element-6be88a5 elementor-invisible\" data-id=\"6be88a5\" data-element_type=\"column\" data-e-type=\"column\" data-settings=\"{&quot;animation&quot;:&quot;fadeInLeft&quot;,&quot;background_background&quot;:&quot;classic&quot;,&quot;animation_delay&quot;:50}\">\n\t\t\t<div class=\"elementor-widget-wrap elementor-element-populated\">\n\t\t\t\t\t\t<div class=\"elementor-element elementor-element-ad1f1cd elementor-widget__width-auto elementor-widget elementor-widget-heading\" data-id=\"ad1f1cd\" data-element_type=\"widget\" data-e-type=\"widget\" data-widget_type=\"heading.default\">\n\t\t\t\t<div class=\"elementor-widget-container\">\n\t\t\t\t\t<h4 class=\"elementor-heading-title elementor-size-default\"><a href=\"https:\/\/familyeyecareiroquoisfalls.ca\/fr\/examens-complets-de-la-vue\/\">Examens de la vue<\/a><\/h4>\t\t\t\t<\/div>\n\t\t\t\t<\/div>\n\t\t\t\t<div class=\"elementor-element elementor-element-2ba06dd elementor-widget__width-auto elementor-widget elementor-widget-heading\" data-id=\"2ba06dd\" data-element_type=\"widget\" data-e-type=\"widget\" data-widget_type=\"heading.default\">\n\t\t\t\t<div class=\"elementor-widget-container\">\n\t\t\t\t\t<h2 class=\"elementor-heading-title elementor-size-default\">01<\/h2>\t\t\t\t<\/div>\n\t\t\t\t<\/div>\n\t\t\t\t<div class=\"elementor-element elementor-element-8c60861 elementor-position-top elementor-widget elementor-widget-image-box\" data-id=\"8c60861\" data-element_type=\"widget\" data-e-type=\"widget\" data-widget_type=\"image-box.default\">\n\t\t\t\t<div class=\"elementor-widget-container\">\n\t\t\t\t\t<div class=\"elementor-image-box-wrapper\"><figure class=\"elementor-image-box-img\"><a href=\"https:\/\/familyeyecareiroquoisfalls.ca\/fr\/examens-complets-de-la-vue\/\" tabindex=\"-1\"><img decoding=\"async\" src=\"https:\/\/familyeyecareiroquoisfalls.ca\/wp-content\/uploads\/elementor\/thumbs\/FEC-Website-Photos-6-scaled-qhz8h6lgzvwraq3nw9heyudkdxgyjthch9y9lh11si.jpg\" title=\"FEC-Website Photos-6\" alt=\"FEC-Website Photos-6\" loading=\"lazy\" \/><\/a><\/figure><div class=\"elementor-image-box-content\"><p class=\"elementor-image-box-description\"> <a href=\"https:\/\/familyeyecareiroquoisfalls.ca\/fr\/examens-complets-de-la-vue\/\">D\u00e9tails du service<\/a><\/p><\/div><\/div>\t\t\t\t<\/div>\n\t\t\t\t<\/div>\n\t\t\t\t\t<\/div>\n\t\t<\/div>\n\t\t\t\t<div class=\"elementor-column elementor-col-33 elementor-inner-column elementor-element elementor-element-6d37879 elementor-invisible\" data-id=\"6d37879\" data-element_type=\"column\" data-e-type=\"column\" data-settings=\"{&quot;animation&quot;:&quot;fadeInUp&quot;,&quot;background_background&quot;:&quot;classic&quot;,&quot;animation_delay&quot;:10}\">\n\t\t\t<div class=\"elementor-widget-wrap elementor-element-populated\">\n\t\t\t\t\t\t<div class=\"elementor-element elementor-element-ffce063 elementor-widget__width-auto elementor-widget elementor-widget-heading\" data-id=\"ffce063\" data-element_type=\"widget\" data-e-type=\"widget\" data-widget_type=\"heading.default\">\n\t\t\t\t<div class=\"elementor-widget-container\">\n\t\t\t\t\t<h4 class=\"elementor-heading-title elementor-size-default\"><a href=\"https:\/\/familyeyecareiroquoisfalls.ca\/fr\/examens-de-la-vue-des-enfants\/\">Examens pour enfants<\/a><\/h4>\t\t\t\t<\/div>\n\t\t\t\t<\/div>\n\t\t\t\t<div class=\"elementor-element elementor-element-b7b5ba4 elementor-widget__width-auto elementor-widget elementor-widget-heading\" data-id=\"b7b5ba4\" data-element_type=\"widget\" data-e-type=\"widget\" data-widget_type=\"heading.default\">\n\t\t\t\t<div class=\"elementor-widget-container\">\n\t\t\t\t\t<h2 class=\"elementor-heading-title elementor-size-default\">02<\/h2>\t\t\t\t<\/div>\n\t\t\t\t<\/div>\n\t\t\t\t<div class=\"elementor-element elementor-element-f81ff36 elementor-position-top elementor-widget elementor-widget-image-box\" data-id=\"f81ff36\" data-element_type=\"widget\" data-e-type=\"widget\" data-widget_type=\"image-box.default\">\n\t\t\t\t<div class=\"elementor-widget-container\">\n\t\t\t\t\t<div class=\"elementor-image-box-wrapper\"><figure class=\"elementor-image-box-img\"><a href=\"https:\/\/familyeyecareiroquoisfalls.ca\/fr\/examens-de-la-vue-des-enfants\/\" tabindex=\"-1\"><img decoding=\"async\" src=\"https:\/\/familyeyecareiroquoisfalls.ca\/wp-content\/uploads\/elementor\/thumbs\/FEC-Website-Photos-34-scaled-qhz8fss0xo0k7e40z5y6soy4wiai7uzkmfdj5t2wya.jpg\" title=\"FEC-Website Photos-34\" alt=\"FEC-Website Photos-34\" loading=\"lazy\" \/><\/a><\/figure><div class=\"elementor-image-box-content\"><p class=\"elementor-image-box-description\"> <a href=\"https:\/\/familyeyecareiroquoisfalls.ca\/fr\/examens-de-la-vue-des-enfants\/\">D\u00e9tails du service<\/a><\/p><\/div><\/div>\t\t\t\t<\/div>\n\t\t\t\t<\/div>\n\t\t\t\t\t<\/div>\n\t\t<\/div>\n\t\t\t\t<div class=\"elementor-column elementor-col-33 elementor-inner-column elementor-element elementor-element-e60b795 elementor-invisible\" data-id=\"e60b795\" data-element_type=\"column\" data-e-type=\"column\" data-settings=\"{&quot;animation&quot;:&quot;fadeInRight&quot;,&quot;background_background&quot;:&quot;classic&quot;,&quot;animation_delay&quot;:150}\">\n\t\t\t<div class=\"elementor-widget-wrap elementor-element-populated\">\n\t\t\t\t\t\t<div class=\"elementor-element elementor-element-48e196a elementor-widget__width-auto elementor-widget elementor-widget-heading\" data-id=\"48e196a\" data-element_type=\"widget\" data-e-type=\"widget\" data-widget_type=\"heading.default\">\n\t\t\t\t<div class=\"elementor-widget-container\">\n\t\t\t\t\t<h4 class=\"elementor-heading-title elementor-size-default\"><a href=\"https:\/\/familyeyecareiroquoisfalls.ca\/fr\/soins-de-la-vue-pour-les-personnes-agees\/\">Soins aux personnes \u00e2g\u00e9es<\/a><\/h4>\t\t\t\t<\/div>\n\t\t\t\t<\/div>\n\t\t\t\t<div class=\"elementor-element elementor-element-ae97280 elementor-widget__width-auto elementor-widget elementor-widget-heading\" data-id=\"ae97280\" data-element_type=\"widget\" data-e-type=\"widget\" data-widget_type=\"heading.default\">\n\t\t\t\t<div class=\"elementor-widget-container\">\n\t\t\t\t\t<h2 class=\"elementor-heading-title elementor-size-default\">03<\/h2>\t\t\t\t<\/div>\n\t\t\t\t<\/div>\n\t\t\t\t<div class=\"elementor-element elementor-element-9899c4f elementor-position-top elementor-widget elementor-widget-image-box\" data-id=\"9899c4f\" data-element_type=\"widget\" data-e-type=\"widget\" data-widget_type=\"image-box.default\">\n\t\t\t\t<div class=\"elementor-widget-container\">\n\t\t\t\t\t<div class=\"elementor-image-box-wrapper\"><figure class=\"elementor-image-box-img\"><a href=\"https:\/\/familyeyecareiroquoisfalls.ca\/fr\/soins-de-la-vue-pour-les-personnes-agees\/\" tabindex=\"-1\"><img decoding=\"async\" src=\"https:\/\/familyeyecareiroquoisfalls.ca\/wp-content\/uploads\/elementor\/thumbs\/Untitled-design-5-qhzc9am4n88ihye43ljkizvh3kle5yu2uysgcx7qs2.png\" title=\"Untitled design (5)\" alt=\"Untitled design (5)\" loading=\"lazy\" \/><\/a><\/figure><div class=\"elementor-image-box-content\"><p class=\"elementor-image-box-description\"> <a href=\"https:\/\/familyeyecareiroquoisfalls.ca\/fr\/soins-de-la-vue-pour-les-personnes-agees\/\">D\u00e9tails du service<\/a><\/p><\/div><\/div>\t\t\t\t<\/div>\n\t\t\t\t<\/div>\n\t\t\t\t\t<\/div>\n\t\t<\/div>\n\t\t\t\t\t<\/div>\n\t\t<\/section>\n\t\t\t\t<section class=\"elementor-section elementor-inner-section elementor-element elementor-element-0ee1aec elementor-section-boxed elementor-section-height-default elementor-section-height-default\" data-id=\"0ee1aec\" data-element_type=\"section\" data-e-type=\"section\" data-settings=\"{&quot;animation&quot;:&quot;none&quot;}\">\n\t\t\t\t\t\t<div class=\"elementor-container elementor-column-gap-no\">\n\t\t\t\t\t<div class=\"elementor-column elementor-col-33 elementor-inner-column elementor-element elementor-element-c4a0ac7 elementor-invisible\" data-id=\"c4a0ac7\" data-element_type=\"column\" data-e-type=\"column\" data-settings=\"{&quot;animation&quot;:&quot;fadeInLeft&quot;,&quot;background_background&quot;:&quot;classic&quot;,&quot;animation_delay&quot;:200}\">\n\t\t\t<div class=\"elementor-widget-wrap elementor-element-populated\">\n\t\t\t\t\t\t<div class=\"elementor-element elementor-element-25d7fbd elementor-widget__width-auto elementor-widget elementor-widget-heading\" data-id=\"25d7fbd\" data-element_type=\"widget\" data-e-type=\"widget\" data-widget_type=\"heading.default\">\n\t\t\t\t<div class=\"elementor-widget-container\">\n\t\t\t\t\t<h4 class=\"elementor-heading-title elementor-size-default\"><a href=\"https:\/\/familyeyecareiroquoisfalls.ca\/fr\/services-durgence\/\">Services d'urgence<\/a><\/h4>\t\t\t\t<\/div>\n\t\t\t\t<\/div>\n\t\t\t\t<div class=\"elementor-element elementor-element-e1ea5e0 elementor-widget__width-auto elementor-widget elementor-widget-heading\" data-id=\"e1ea5e0\" data-element_type=\"widget\" data-e-type=\"widget\" data-widget_type=\"heading.default\">\n\t\t\t\t<div class=\"elementor-widget-container\">\n\t\t\t\t\t<h2 class=\"elementor-heading-title elementor-size-default\">04<\/h2>\t\t\t\t<\/div>\n\t\t\t\t<\/div>\n\t\t\t\t<div class=\"elementor-element elementor-element-7a81977 elementor-position-top elementor-widget elementor-widget-image-box\" data-id=\"7a81977\" data-element_type=\"widget\" data-e-type=\"widget\" data-widget_type=\"image-box.default\">\n\t\t\t\t<div class=\"elementor-widget-container\">\n\t\t\t\t\t<div class=\"elementor-image-box-wrapper\"><figure class=\"elementor-image-box-img\"><a href=\"https:\/\/familyeyecareiroquoisfalls.ca\/fr\/services-durgence\/\" tabindex=\"-1\"><img decoding=\"async\" src=\"https:\/\/familyeyecareiroquoisfalls.ca\/wp-content\/uploads\/elementor\/thumbs\/Family-Eye-Care-Interior-53-scaled-qhz8fkbh85ozawgbckajo92zk1g7al1zl9i5ubfgia.jpg\" title=\"Family Eye Care Interior-53\" alt=\"Family Eye Care Interior-53\" loading=\"lazy\" \/><\/a><\/figure><div class=\"elementor-image-box-content\"><p class=\"elementor-image-box-description\"> <a href=\"https:\/\/familyeyecareiroquoisfalls.ca\/fr\/services-durgence\/\">D\u00e9tails du service<\/a><\/p><\/div><\/div>\t\t\t\t<\/div>\n\t\t\t\t<\/div>\n\t\t\t\t\t<\/div>\n\t\t<\/div>\n\t\t\t\t<div class=\"elementor-column elementor-col-33 elementor-inner-column elementor-element elementor-element-a9826a6 elementor-invisible\" data-id=\"a9826a6\" data-element_type=\"column\" data-e-type=\"column\" data-settings=\"{&quot;animation&quot;:&quot;fadeInUp&quot;,&quot;background_background&quot;:&quot;classic&quot;,&quot;animation_delay&quot;:250}\">\n\t\t\t<div class=\"elementor-widget-wrap elementor-element-populated\">\n\t\t\t\t\t\t<div class=\"elementor-element elementor-element-576b4b0 elementor-widget__width-auto elementor-widget elementor-widget-heading\" data-id=\"576b4b0\" data-element_type=\"widget\" data-e-type=\"widget\" data-widget_type=\"heading.default\">\n\t\t\t\t<div class=\"elementor-widget-container\">\n\t\t\t\t\t<h4 class=\"elementor-heading-title elementor-size-default\"><a href=\"https:\/\/familyeyecareiroquoisfalls.ca\/fr\/speciality-equipment\/\">\u00c9quipement sp\u00e9cialis\u00e9<\/a><\/h4>\t\t\t\t<\/div>\n\t\t\t\t<\/div>\n\t\t\t\t<div class=\"elementor-element elementor-element-4238857 elementor-widget__width-auto elementor-widget elementor-widget-heading\" data-id=\"4238857\" data-element_type=\"widget\" data-e-type=\"widget\" data-widget_type=\"heading.default\">\n\t\t\t\t<div class=\"elementor-widget-container\">\n\t\t\t\t\t<h2 class=\"elementor-heading-title elementor-size-default\">05<\/h2>\t\t\t\t<\/div>\n\t\t\t\t<\/div>\n\t\t\t\t<div class=\"elementor-element elementor-element-420d62a elementor-position-top elementor-widget elementor-widget-image-box\" data-id=\"420d62a\" data-element_type=\"widget\" data-e-type=\"widget\" data-widget_type=\"image-box.default\">\n\t\t\t\t<div class=\"elementor-widget-container\">\n\t\t\t\t\t<div class=\"elementor-image-box-wrapper\"><figure class=\"elementor-image-box-img\"><a href=\"https:\/\/familyeyecareiroquoisfalls.ca\/fr\/speciality-equipment\/\" tabindex=\"-1\"><img fetchpriority=\"high\" decoding=\"async\" width=\"1062\" height=\"789\" src=\"https:\/\/familyeyecareiroquoisfalls.ca\/wp-content\/uploads\/2023\/07\/2.jpg\" class=\"attachment-full size-full wp-image-791\" alt=\"\" srcset=\"https:\/\/familyeyecareiroquoisfalls.ca\/wp-content\/uploads\/2023\/07\/2.jpg 1062w, https:\/\/familyeyecareiroquoisfalls.ca\/wp-content\/uploads\/2023\/07\/2-300x223.jpg 300w, https:\/\/familyeyecareiroquoisfalls.ca\/wp-content\/uploads\/2023\/07\/2-1024x761.jpg 1024w, https:\/\/familyeyecareiroquoisfalls.ca\/wp-content\/uploads\/2023\/07\/2-768x571.jpg 768w\" sizes=\"(max-width: 1062px) 100vw, 1062px\" \/><\/a><\/figure><div class=\"elementor-image-box-content\"><p class=\"elementor-image-box-description\"> <a href=\"https:\/\/familyeyecareiroquoisfalls.ca\/fr\/speciality-equipment\/\">D\u00e9tails du service<\/a><\/p><\/div><\/div>\t\t\t\t<\/div>\n\t\t\t\t<\/div>\n\t\t\t\t\t<\/div>\n\t\t<\/div>\n\t\t\t\t<div class=\"elementor-column elementor-col-33 elementor-inner-column elementor-element elementor-element-e01b01c elementor-invisible\" data-id=\"e01b01c\" data-element_type=\"column\" data-e-type=\"column\" data-settings=\"{&quot;animation&quot;:&quot;fadeInRight&quot;,&quot;background_background&quot;:&quot;classic&quot;,&quot;animation_delay&quot;:300}\">\n\t\t\t<div class=\"elementor-widget-wrap elementor-element-populated\">\n\t\t\t\t\t\t<div class=\"elementor-element elementor-element-12c9c56 elementor-widget__width-auto elementor-widget elementor-widget-heading\" data-id=\"12c9c56\" data-element_type=\"widget\" data-e-type=\"widget\" data-widget_type=\"heading.default\">\n\t\t\t\t<div class=\"elementor-widget-container\">\n\t\t\t\t\t<h4 class=\"elementor-heading-title elementor-size-default\"><a href=\"https:\/\/familyeyecareiroquoisfalls.ca\/fr\/therapie-des-yeux-secs\/\">Th\u00e9rapie des yeux secs<\/a><\/h4>\t\t\t\t<\/div>\n\t\t\t\t<\/div>\n\t\t\t\t<div class=\"elementor-element elementor-element-53a1274 elementor-widget__width-auto elementor-widget elementor-widget-heading\" data-id=\"53a1274\" data-element_type=\"widget\" data-e-type=\"widget\" data-widget_type=\"heading.default\">\n\t\t\t\t<div class=\"elementor-widget-container\">\n\t\t\t\t\t<h2 class=\"elementor-heading-title elementor-size-default\">06<\/h2>\t\t\t\t<\/div>\n\t\t\t\t<\/div>\n\t\t\t\t<div class=\"elementor-element elementor-element-d7c0ab2 elementor-position-top elementor-widget elementor-widget-image-box\" data-id=\"d7c0ab2\" data-element_type=\"widget\" data-e-type=\"widget\" data-widget_type=\"image-box.default\">\n\t\t\t\t<div class=\"elementor-widget-container\">\n\t\t\t\t\t<div class=\"elementor-image-box-wrapper\"><figure class=\"elementor-image-box-img\"><a href=\"https:\/\/familyeyecareiroquoisfalls.ca\/fr\/therapie-des-yeux-secs\/\" tabindex=\"-1\"><img decoding=\"async\" src=\"https:\/\/familyeyecareiroquoisfalls.ca\/wp-content\/uploads\/elementor\/thumbs\/Family-Eye-Care-Interior-13-scaled-qhz8f91ey59jfkwp6ff0ubxgfezsq7t7jpoc2zw6ky.jpg\" title=\"Family Eye Care Interior-13\" alt=\"Family Eye Care Interior-13\" loading=\"lazy\" \/><\/a><\/figure><div class=\"elementor-image-box-content\"><p class=\"elementor-image-box-description\"> <a href=\"https:\/\/familyeyecareiroquoisfalls.ca\/fr\/therapie-des-yeux-secs\/\">D\u00e9tails du service<\/a><\/p><\/div><\/div>\t\t\t\t<\/div>\n\t\t\t\t<\/div>\n\t\t\t\t\t<\/div>\n\t\t<\/div>\n\t\t\t\t\t<\/div>\n\t\t<\/section>\n\t\t\t\t\t<\/div>\n\t\t<\/div>\n\t\t\t\t\t<\/div>\n\t\t<\/section>\n\t\t\t\t<section class=\"elementor-section elementor-top-section elementor-element elementor-element-23a636f1 elementor-section-boxed elementor-section-height-default elementor-section-height-default\" data-id=\"23a636f1\" data-element_type=\"section\" data-e-type=\"section\" data-settings=\"{&quot;background_background&quot;:&quot;classic&quot;}\">\n\t\t\t\t\t\t\t<div class=\"elementor-background-overlay\"><\/div>\n\t\t\t\t\t\t\t<div class=\"elementor-container elementor-column-gap-no\">\n\t\t\t\t\t<div class=\"elementor-column elementor-col-100 elementor-top-column elementor-element elementor-element-3520a1d3\" data-id=\"3520a1d3\" data-element_type=\"column\" data-e-type=\"column\">\n\t\t\t<div class=\"elementor-widget-wrap elementor-element-populated\">\n\t\t\t\t\t\t<div class=\"elementor-element elementor-element-4daf15e3 elementor-widget elementor-widget-heading\" data-id=\"4daf15e3\" data-element_type=\"widget\" data-e-type=\"widget\" data-widget_type=\"heading.default\">\n\t\t\t\t<div class=\"elementor-widget-container\">\n\t\t\t\t\t<h4 class=\"elementor-heading-title elementor-size-default\">Nous avons h\u00e2te de vous servir en fran\u00e7ais et en anglais.<\/h4>\t\t\t\t<\/div>\n\t\t\t\t<\/div>\n\t\t\t\t<div class=\"elementor-element elementor-element-81fb746 elementor-align-center elementor-widget elementor-widget-button\" data-id=\"81fb746\" data-element_type=\"widget\" data-e-type=\"widget\" data-widget_type=\"button.default\">\n\t\t\t\t<div class=\"elementor-widget-container\">\n\t\t\t\t\t\t\t\t\t<div class=\"elementor-button-wrapper\">\n\t\t\t\t\t<a class=\"elementor-button elementor-button-link elementor-size-sm\" href=\"https:\/\/booking.opto.com\/5d6fc43e87f53\/dr-karine-a-briand-od\/visittype\/\">\n\t\t\t\t\t\t<span class=\"elementor-button-content-wrapper\">\n\t\t\t\t\t\t\t\t\t<span class=\"elementor-button-text\">CONTACTEZ-NOUS<\/span>\n\t\t\t\t\t<\/span>\n\t\t\t\t\t<\/a>\n\t\t\t\t<\/div>\n\t\t\t\t\t\t\t\t<\/div>\n\t\t\t\t<\/div>\n\t\t\t\t\t<\/div>\n\t\t<\/div>\n\t\t\t\t\t<\/div>\n\t\t<\/section>\n\t\t\t\t<\/div>\n\t\t","protected":false},"excerpt":{"rendered":"<p>CE QUE NOUS OFFRONS Services Examens de la vue 01 D\u00e9tails du service Examens pour enfants 02 D\u00e9tails du service Soins aux personnes \u00e2g\u00e9es 03 D\u00e9tails du service Services d&rsquo;urgence 04 D\u00e9tails du service \u00c9quipement sp\u00e9cialis\u00e9 05 D\u00e9tails du service Th\u00e9rapie des yeux secs 06 D\u00e9tails du service Nous avons h\u00e2te de vous servir en [&hellip;]<\/p>\n","protected":false},"author":1,"featured_media":2807,"parent":0,"menu_order":0,"comment_status":"closed","ping_status":"closed","template":"elementor_header_footer","meta":{"footnotes":""},"class_list":["post-2304","page","type-page","status-publish","has-post-thumbnail","hentry"],"_links":{"self":[{"href":"https:\/\/familyeyecareiroquoisfalls.ca\/fr\/wp-json\/wp\/v2\/pages\/2304","targetHints":{"allow":["GET"]}}],"collection":[{"href":"https:\/\/familyeyecareiroquoisfalls.ca\/fr\/wp-json\/wp\/v2\/pages"}],"about":[{"href":"https:\/\/familyeyecareiroquoisfalls.ca\/fr\/wp-json\/wp\/v2\/types\/page"}],"author":[{"embeddable":true,"href":"https:\/\/familyeyecareiroquoisfalls.ca\/fr\/wp-json\/wp\/v2\/users\/1"}],"replies":[{"embeddable":true,"href":"https:\/\/familyeyecareiroquoisfalls.ca\/fr\/wp-json\/wp\/v2\/comments?post=2304"}],"version-history":[{"count":5,"href":"https:\/\/familyeyecareiroquoisfalls.ca\/fr\/wp-json\/wp\/v2\/pages\/2304\/revisions"}],"predecessor-version":[{"id":3348,"href":"https:\/\/familyeyecareiroquoisfalls.ca\/fr\/wp-json\/wp\/v2\/pages\/2304\/revisions\/3348"}],"wp:featuredmedia":[{"embeddable":true,"href":"https:\/\/familyeyecareiroquoisfalls.ca\/fr\/wp-json\/wp\/v2\/media\/2807"}],"wp:attachment":[{"href":"https:\/\/familyeyecareiroquoisfalls.ca\/fr\/wp-json\/wp\/v2\/media?parent=2304"}],"curies":[{"name":"wp","href":"https:\/\/api.w.org\/{rel}","templated":true}]}}