{"id":2310,"date":"2023-07-10T16:48:05","date_gmt":"2023-07-10T16:48:05","guid":{"rendered":"https:\/\/familyeyecareiroquoisfalls.ca\/services-durgence\/"},"modified":"2026-01-30T19:49:15","modified_gmt":"2026-01-30T19:49:15","slug":"services-durgence","status":"publish","type":"page","link":"https:\/\/familyeyecareiroquoisfalls.ca\/fr\/services-durgence\/","title":{"rendered":"Services d&rsquo;urgence"},"content":{"rendered":"\t\t<div data-elementor-type=\"wp-page\" data-elementor-id=\"2310\" class=\"elementor elementor-2310 elementor-1915\" data-elementor-post-type=\"page\">\n\t\t\t\t\t\t<section class=\"elementor-section elementor-top-section elementor-element elementor-element-7176128 elementor-section-boxed elementor-section-height-default elementor-section-height-default\" data-id=\"7176128\" data-element_type=\"section\" data-e-type=\"section\" data-settings=\"{&quot;background_background&quot;:&quot;classic&quot;}\">\n\t\t\t\t\t\t\t<div class=\"elementor-background-overlay\"><\/div>\n\t\t\t\t\t\t\t<div class=\"elementor-container elementor-column-gap-default\">\n\t\t\t\t\t<div class=\"elementor-column elementor-col-100 elementor-top-column elementor-element elementor-element-b7c126c\" data-id=\"b7c126c\" data-element_type=\"column\" data-e-type=\"column\">\n\t\t\t<div class=\"elementor-widget-wrap elementor-element-populated\">\n\t\t\t\t\t\t<div class=\"elementor-element elementor-element-2b17bdd elementor-invisible elementor-widget elementor-widget-heading\" data-id=\"2b17bdd\" data-element_type=\"widget\" data-e-type=\"widget\" data-settings=\"{&quot;_animation&quot;:&quot;fadeInUp&quot;,&quot;_animation_delay&quot;:50}\" data-widget_type=\"heading.default\">\n\t\t\t\t<div class=\"elementor-widget-container\">\n\t\t\t\t\t<h1 class=\"elementor-heading-title elementor-size-default\">NOS SERVICES<\/h1>\t\t\t\t<\/div>\n\t\t\t\t<\/div>\n\t\t\t\t<div class=\"elementor-element elementor-element-af8d986 elementor-invisible elementor-widget elementor-widget-heading\" data-id=\"af8d986\" data-element_type=\"widget\" data-e-type=\"widget\" data-settings=\"{&quot;_animation&quot;:&quot;fadeInUp&quot;,&quot;_animation_delay&quot;:100}\" data-widget_type=\"heading.default\">\n\t\t\t\t<div class=\"elementor-widget-container\">\n\t\t\t\t\t<h1 class=\"elementor-heading-title elementor-size-default\">Services d'urgence<\/h1>\t\t\t\t<\/div>\n\t\t\t\t<\/div>\n\t\t\t\t\t<\/div>\n\t\t<\/div>\n\t\t\t\t\t<\/div>\n\t\t<\/section>\n\t\t\t\t<section class=\"elementor-section elementor-top-section elementor-element elementor-element-f639307 elementor-section-content-middle elementor-reverse-tablet elementor-reverse-mobile elementor-section-boxed elementor-section-height-default elementor-section-height-default\" data-id=\"f639307\" data-element_type=\"section\" data-e-type=\"section\">\n\t\t\t\t\t\t<div class=\"elementor-container elementor-column-gap-default\">\n\t\t\t\t\t<div class=\"elementor-column elementor-col-50 elementor-top-column elementor-element elementor-element-ff3bf63\" data-id=\"ff3bf63\" data-element_type=\"column\" data-e-type=\"column\">\n\t\t\t<div class=\"elementor-widget-wrap elementor-element-populated\">\n\t\t\t\t\t\t<div class=\"elementor-element elementor-element-8184431 elementor-widget-tablet__width-initial elementor-widget elementor-widget-image\" data-id=\"8184431\" data-element_type=\"widget\" data-e-type=\"widget\" data-widget_type=\"image.default\">\n\t\t\t\t<div class=\"elementor-widget-container\">\n\t\t\t\t\t\t\t\t\t\t\t\t\t\t\t<img fetchpriority=\"high\" decoding=\"async\" width=\"800\" height=\"595\" src=\"https:\/\/familyeyecareiroquoisfalls.ca\/wp-content\/uploads\/2023\/07\/2-1024x761.jpg\" class=\"attachment-large size-large wp-image-2041\" alt=\"\" srcset=\"https:\/\/familyeyecareiroquoisfalls.ca\/wp-content\/uploads\/2023\/07\/2-1024x761.jpg 1024w, https:\/\/familyeyecareiroquoisfalls.ca\/wp-content\/uploads\/2023\/07\/2-300x223.jpg 300w, https:\/\/familyeyecareiroquoisfalls.ca\/wp-content\/uploads\/2023\/07\/2-768x571.jpg 768w, https:\/\/familyeyecareiroquoisfalls.ca\/wp-content\/uploads\/2023\/07\/2.jpg 1062w\" sizes=\"(max-width: 800px) 100vw, 800px\" \/>\t\t\t\t\t\t\t\t\t\t\t\t\t\t\t<\/div>\n\t\t\t\t<\/div>\n\t\t\t\t\t<\/div>\n\t\t<\/div>\n\t\t\t\t<div class=\"elementor-column elementor-col-50 elementor-top-column elementor-element elementor-element-0cc2cee\" data-id=\"0cc2cee\" data-element_type=\"column\" data-e-type=\"column\">\n\t\t\t<div class=\"elementor-widget-wrap elementor-element-populated\">\n\t\t\t\t\t\t<div class=\"elementor-element elementor-element-d5831a1 elementor-widget elementor-widget-text-editor\" data-id=\"d5831a1\" data-element_type=\"widget\" data-e-type=\"widget\" data-widget_type=\"text-editor.default\">\n\t\t\t\t<div class=\"elementor-widget-container\">\n\t\t\t\t\t\t\t\t\t<div data-section-title=\"\" data-section-type=\"fullwidth-background\" data-image-type=\"none\" data-full-height=\"no\"><div data-column-id=\"mpc_column-5464b024cd9ea7d\"><div data-delay=\"500\"><p>En plus d&rsquo;aider \u00e0 d\u00e9tecter, traiter et pr\u00e9venir les maladies oculaires, notre optom\u00e9triste peut fournir des soins urgents pour des probl\u00e8mes de sant\u00e9 oculaire tels que les infections (par exemple, <a href=\"https:\/\/bc.doctorsofoptometry.ca\/library\/conjunctivitis-pink-eye\/\" target=\"_blank\" rel=\"noopener\">l&rsquo;\u0153il rose<\/a>), l&rsquo;inflammation (par exemple, l<a href=\"https:\/\/bc.doctorsofoptometry.ca\/library\/anterior-uveitis\/\" target=\"_blank\" rel=\"noopener\">&lsquo;uv\u00e9ite<\/a>), les <a href=\"https:\/\/bc.doctorsofoptometry.ca\/library\/allergies-seasonal\/\" target=\"_blank\" rel=\"noopener\">allergies<\/a> et les blessures oculaires (par exemple, l&rsquo;abrasion corn\u00e9enne). , y compris l&rsquo;\u00e9limination des <a href=\"https:\/\/bc.doctorsofoptometry.ca\/library\/foreign-objects\/\" target=\"_blank\" rel=\"noopener\">corps \u00e9trangers<\/a> de l&rsquo;\u0153il. En tant qu\u2019ophtalmologistes qualifi\u00e9s, nous pouvons \u00e9valuer les changements de vision inhabituels ou soudains et diverses affections provoquant des douleurs oculaires \u2013 et, si n\u00e9cessaire, orienter vers d\u2019autres sp\u00e9cialistes.<\/p><p>Si vous constatez un changement soudain de votre vision ou d\u00e9veloppez de nouveaux sympt\u00f4mes, n\u2019h\u00e9sitez pas \u00e0 contacter notre cabinet imm\u00e9diatement. Si notre bureau est ferm\u00e9, nous vous recommandons de vous rendre \u00e0 l&rsquo;h\u00f4pital le plus proche pour une assistance imm\u00e9diate.<\/p><\/div><\/div><\/div>\t\t\t\t\t\t\t\t<\/div>\n\t\t\t\t<\/div>\n\t\t\t\t\t<\/div>\n\t\t<\/div>\n\t\t\t\t\t<\/div>\n\t\t<\/section>\n\t\t\t\t<section class=\"elementor-section elementor-top-section elementor-element elementor-element-bdd752a elementor-section-boxed elementor-section-height-default elementor-section-height-default\" data-id=\"bdd752a\" data-element_type=\"section\" data-e-type=\"section\" data-settings=\"{&quot;background_background&quot;:&quot;classic&quot;}\">\n\t\t\t\t\t\t\t<div class=\"elementor-background-overlay\"><\/div>\n\t\t\t\t\t\t\t<div class=\"elementor-container elementor-column-gap-no\">\n\t\t\t\t\t<div class=\"elementor-column elementor-col-100 elementor-top-column elementor-element elementor-element-936ab00\" data-id=\"936ab00\" data-element_type=\"column\" data-e-type=\"column\">\n\t\t\t<div class=\"elementor-widget-wrap elementor-element-populated\">\n\t\t\t\t\t\t<section class=\"elementor-section elementor-inner-section elementor-element elementor-element-892ae74 elementor-section-boxed elementor-section-height-default elementor-section-height-default\" data-id=\"892ae74\" data-element_type=\"section\" data-e-type=\"section\">\n\t\t\t\t\t\t<div class=\"elementor-container elementor-column-gap-no\">\n\t\t\t\t\t<div class=\"elementor-column elementor-col-50 elementor-inner-column elementor-element elementor-element-2a76686\" data-id=\"2a76686\" data-element_type=\"column\" data-e-type=\"column\">\n\t\t\t<div class=\"elementor-widget-wrap elementor-element-populated\">\n\t\t\t\t\t\t<div class=\"elementor-element elementor-element-4908d1d elementor-widget elementor-widget-heading\" data-id=\"4908d1d\" data-element_type=\"widget\" data-e-type=\"widget\" data-widget_type=\"heading.default\">\n\t\t\t\t<div class=\"elementor-widget-container\">\n\t\t\t\t\t<h4 class=\"elementor-heading-title elementor-size-default\">Saviez-vous que depuis 2011, les optom\u00e9tristes de l'Ontario peuvent prescrire des m\u00e9dicaments pour traiter les affections suivantes ?<\/h4>\t\t\t\t<\/div>\n\t\t\t\t<\/div>\n\t\t\t\t<div class=\"elementor-element elementor-element-f71e292 elementor-icon-list--layout-traditional elementor-list-item-link-full_width elementor-widget elementor-widget-icon-list\" data-id=\"f71e292\" data-element_type=\"widget\" data-e-type=\"widget\" data-widget_type=\"icon-list.default\">\n\t\t\t\t<div class=\"elementor-widget-container\">\n\t\t\t\t\t\t\t<ul class=\"elementor-icon-list-items\">\n\t\t\t\t\t\t\t<li class=\"elementor-icon-list-item\">\n\t\t\t\t\t\t\t\t\t\t\t<span class=\"elementor-icon-list-icon\">\n\t\t\t\t\t\t\t<i aria-hidden=\"true\" class=\"fas fa-check-circle\"><\/i>\t\t\t\t\t\t<\/span>\n\t\t\t\t\t\t\t\t\t\t<span class=\"elementor-icon-list-text\">Infections oculaires bact\u00e9riennes et virales ;<\/span>\n\t\t\t\t\t\t\t\t\t<\/li>\n\t\t\t\t\t\t\t\t<li class=\"elementor-icon-list-item\">\n\t\t\t\t\t\t\t\t\t\t\t<span class=\"elementor-icon-list-icon\">\n\t\t\t\t\t\t\t<i aria-hidden=\"true\" class=\"fas fa-check-circle\"><\/i>\t\t\t\t\t\t<\/span>\n\t\t\t\t\t\t\t\t\t\t<span class=\"elementor-icon-list-text\">Infections et inflammations des paupi\u00e8res, telles que bl\u00e9pharite et orgelets ;<\/span>\n\t\t\t\t\t\t\t\t\t<\/li>\n\t\t\t\t\t\t\t\t<li class=\"elementor-icon-list-item\">\n\t\t\t\t\t\t\t\t\t\t\t<span class=\"elementor-icon-list-icon\">\n\t\t\t\t\t\t\t<i aria-hidden=\"true\" class=\"fas fa-check-circle\"><\/i>\t\t\t\t\t\t<\/span>\n\t\t\t\t\t\t\t\t\t\t<span class=\"elementor-icon-list-text\">Inflammation de l'\u0153il lui-m\u00eame, telle qu'une uv\u00e9ite ant\u00e9rieure ;<\/span>\n\t\t\t\t\t\t\t\t\t<\/li>\n\t\t\t\t\t\t\t\t<li class=\"elementor-icon-list-item\">\n\t\t\t\t\t\t\t\t\t\t\t<span class=\"elementor-icon-list-icon\">\n\t\t\t\t\t\t\t<i aria-hidden=\"true\" class=\"fas fa-check-circle\"><\/i>\t\t\t\t\t\t<\/span>\n\t\t\t\t\t\t\t\t\t\t<span class=\"elementor-icon-list-text\">Douleur oculaire due \u00e0 la s\u00e9cheresse oculaire ;<\/span>\n\t\t\t\t\t\t\t\t\t<\/li>\n\t\t\t\t\t\t\t\t<li class=\"elementor-icon-list-item\">\n\t\t\t\t\t\t\t\t\t\t\t<span class=\"elementor-icon-list-icon\">\n\t\t\t\t\t\t\t<i aria-hidden=\"true\" class=\"fas fa-check-circle\"><\/i>\t\t\t\t\t\t<\/span>\n\t\t\t\t\t\t\t\t\t\t<span class=\"elementor-icon-list-text\">Conjonctivite allergique;<\/span>\n\t\t\t\t\t\t\t\t\t<\/li>\n\t\t\t\t\t\t\t\t<li class=\"elementor-icon-list-item\">\n\t\t\t\t\t\t\t\t\t\t\t<span class=\"elementor-icon-list-icon\">\n\t\t\t\t\t\t\t<i aria-hidden=\"true\" class=\"fas fa-check-circle\"><\/i>\t\t\t\t\t\t<\/span>\n\t\t\t\t\t\t\t\t\t\t<span class=\"elementor-icon-list-text\">Corps \u00e9trangers corn\u00e9ens superficiels ;<\/span>\n\t\t\t\t\t\t\t\t\t<\/li>\n\t\t\t\t\t\t\t\t<li class=\"elementor-icon-list-item\">\n\t\t\t\t\t\t\t\t\t\t\t<span class=\"elementor-icon-list-icon\">\n\t\t\t\t\t\t\t<i aria-hidden=\"true\" class=\"fas fa-check-circle\"><\/i>\t\t\t\t\t\t<\/span>\n\t\t\t\t\t\t\t\t\t\t<span class=\"elementor-icon-list-text\">Glaucome ;<\/span>\n\t\t\t\t\t\t\t\t\t<\/li>\n\t\t\t\t\t\t\t\t<li class=\"elementor-icon-list-item\">\n\t\t\t\t\t\t\t\t\t\t\t<span class=\"elementor-icon-list-icon\">\n\t\t\t\t\t\t\t<i aria-hidden=\"true\" class=\"fas fa-check-circle\"><\/i>\t\t\t\t\t\t<\/span>\n\t\t\t\t\t\t\t\t\t\t<span class=\"elementor-icon-list-text\">Yeux rouges, douloureux et irrit\u00e9s \u00e0 cause du port de lentilles de contact ;<\/span>\n\t\t\t\t\t\t\t\t\t<\/li>\n\t\t\t\t\t\t\t\t<li class=\"elementor-icon-list-item\">\n\t\t\t\t\t\t\t\t\t\t\t<span class=\"elementor-icon-list-icon\">\n\t\t\t\t\t\t\t<i aria-hidden=\"true\" class=\"fas fa-check-circle\"><\/i>\t\t\t\t\t\t<\/span>\n\t\t\t\t\t\t\t\t\t\t<span class=\"elementor-icon-list-text\">Conditions pr\u00e9op\u00e9ratoires et postop\u00e9ratoires associ\u00e9es \u00e0 la cataracte ou \u00e0 la chirurgie r\u00e9fractive.<\/span>\n\t\t\t\t\t\t\t\t\t<\/li>\n\t\t\t\t\t\t<\/ul>\n\t\t\t\t\t\t<\/div>\n\t\t\t\t<\/div>\n\t\t\t\t\t<\/div>\n\t\t<\/div>\n\t\t\t\t<div class=\"elementor-column elementor-col-50 elementor-inner-column elementor-element elementor-element-a14fbe3\" data-id=\"a14fbe3\" data-element_type=\"column\" data-e-type=\"column\">\n\t\t\t<div class=\"elementor-widget-wrap elementor-element-populated\">\n\t\t\t\t\t\t<div class=\"elementor-element elementor-element-03b176a elementor-invisible elementor-widget elementor-widget-image\" data-id=\"03b176a\" data-element_type=\"widget\" data-e-type=\"widget\" data-settings=\"{&quot;_animation&quot;:&quot;fadeInUp&quot;}\" data-widget_type=\"image.default\">\n\t\t\t\t<div class=\"elementor-widget-container\">\n\t\t\t\t\t\t\t\t\t\t\t\t\t\t\t<img decoding=\"async\" width=\"553\" height=\"315\" src=\"https:\/\/familyeyecareiroquoisfalls.ca\/wp-content\/uploads\/2023\/07\/Visual-Filed-machine-560x315-1-e1689261653487.png\" class=\"attachment-large size-large wp-image-2026\" alt=\"\" srcset=\"https:\/\/familyeyecareiroquoisfalls.ca\/wp-content\/uploads\/2023\/07\/Visual-Filed-machine-560x315-1-e1689261653487.png 553w, https:\/\/familyeyecareiroquoisfalls.ca\/wp-content\/uploads\/2023\/07\/Visual-Filed-machine-560x315-1-e1689261653487-300x171.png 300w\" sizes=\"(max-width: 553px) 100vw, 553px\" \/>\t\t\t\t\t\t\t\t\t\t\t\t\t\t\t<\/div>\n\t\t\t\t<\/div>\n\t\t\t\t\t<\/div>\n\t\t<\/div>\n\t\t\t\t\t<\/div>\n\t\t<\/section>\n\t\t\t\t\t<\/div>\n\t\t<\/div>\n\t\t\t\t\t<\/div>\n\t\t<\/section>\n\t\t\t\t<section class=\"elementor-section elementor-top-section elementor-element elementor-element-e8b698e elementor-section-boxed elementor-section-height-default elementor-section-height-default\" data-id=\"e8b698e\" data-element_type=\"section\" data-e-type=\"section\" data-settings=\"{&quot;background_background&quot;:&quot;classic&quot;}\">\n\t\t\t\t\t\t<div class=\"elementor-container elementor-column-gap-no\">\n\t\t\t\t\t<div class=\"elementor-column elementor-col-100 elementor-top-column elementor-element elementor-element-de84e8d\" data-id=\"de84e8d\" data-element_type=\"column\" data-e-type=\"column\">\n\t\t\t<div class=\"elementor-widget-wrap elementor-element-populated\">\n\t\t\t\t\t\t<section class=\"elementor-section elementor-inner-section elementor-element elementor-element-db4c45d elementor-section-boxed elementor-section-height-default elementor-section-height-default\" data-id=\"db4c45d\" data-element_type=\"section\" data-e-type=\"section\">\n\t\t\t\t\t\t<div class=\"elementor-container elementor-column-gap-no\">\n\t\t\t\t\t<div class=\"elementor-column elementor-col-50 elementor-inner-column elementor-element elementor-element-9761df2\" data-id=\"9761df2\" data-element_type=\"column\" data-e-type=\"column\">\n\t\t\t<div class=\"elementor-widget-wrap elementor-element-populated\">\n\t\t\t\t\t\t<div class=\"elementor-element elementor-element-53842a3 elementor-invisible elementor-widget elementor-widget-heading\" data-id=\"53842a3\" data-element_type=\"widget\" data-e-type=\"widget\" data-settings=\"{&quot;_animation&quot;:&quot;fadeInUp&quot;,&quot;_animation_delay&quot;:50}\" data-widget_type=\"heading.default\">\n\t\t\t\t<div class=\"elementor-widget-container\">\n\t\t\t\t\t<h1 class=\"elementor-heading-title elementor-size-default\">Optom\u00e9tristes QUALIFI\u00c9S<\/h1>\t\t\t\t<\/div>\n\t\t\t\t<\/div>\n\t\t\t\t<div class=\"elementor-element elementor-element-5c156b3 elementor-widget elementor-widget-text-editor\" data-id=\"5c156b3\" data-element_type=\"widget\" data-e-type=\"widget\" data-widget_type=\"text-editor.default\">\n\t\t\t\t<div class=\"elementor-widget-container\">\n\t\t\t\t\t\t\t\t\t<p><strong>Si vous ne pouvez pas attendre votre examen de la vue r\u00e9gulier,<\/strong> <a href=\"https:\/\/booking.opto.com\/5d6fc43e87f53\/dr-karine-a-briand-od\/connect\/\">contactez-nous imm\u00e9diatement.<\/a><\/p>\t\t\t\t\t\t\t\t<\/div>\n\t\t\t\t<\/div>\n\t\t\t\t\t<\/div>\n\t\t<\/div>\n\t\t\t\t<div class=\"elementor-column elementor-col-50 elementor-inner-column elementor-element elementor-element-a981754 elementor-hidden-tablet elementor-hidden-mobile\" data-id=\"a981754\" data-element_type=\"column\" data-e-type=\"column\">\n\t\t\t<div class=\"elementor-widget-wrap elementor-element-populated\">\n\t\t\t\t\t\t<div class=\"elementor-element elementor-element-b591228 elementor-widget elementor-widget-text-editor\" data-id=\"b591228\" data-element_type=\"widget\" data-e-type=\"widget\" data-widget_type=\"text-editor.default\">\n\t\t\t\t<div class=\"elementor-widget-container\">\n\t\t\t\t\t\t\t\t\t<div class=\"grve-section grve-feature-header grve-flex-row grve-middle-content mpc-row\" data-section-title=\"\" data-section-type=\"fullwidth-background\" data-image-type=\"none\" data-full-height=\"no\">\n<div class=\"grve-row grve-bookmark\">\n<div class=\"wpb_column grve-column grve-bookmark grve-column-1 mpc-column\" data-column-id=\"mpc_column-5464b024cd9ea7d\">\n<div class=\"grve-element grve-text grve-animated-item grve-fadeIn grve-animated\" data-delay=\"500\">\n<div class=\"grve-section mpc-row\" data-section-title=\"\" data-section-type=\"fullwidth-background\" data-image-type=\"none\" data-full-height=\"no\">\n<div class=\"grve-row grve-bookmark\">\n<div class=\"wpb_column grve-column grve-bookmark grve-column-1 mpc-column\">\n<div class=\"grve-element grve-text\">\n<p>Vous n&rsquo;avez pas besoin d&rsquo;une r\u00e9f\u00e9rence. Notre \u00e9quipe est form\u00e9e pour trier les urgences et avec 4 optom\u00e9tristes parmi notre personnel, nous promettons de faire de notre mieux pour voir nos patients en soins urgents le plus rapidement possible. Si des sympt\u00f4mes d\u2019urgence apparaissent alors que nos bureaux sont ferm\u00e9s, veuillez vous rendre \u00e0 la salle d\u2019urgence la plus proche.<\/p>\n<\/div>\n<\/div>\n<\/div>\n<\/div>\n<\/div>\n<\/div>\n<\/div>\n<\/div>\n\t\t\t\t\t\t\t\t<\/div>\n\t\t\t\t<\/div>\n\t\t\t\t\t<\/div>\n\t\t<\/div>\n\t\t\t\t\t<\/div>\n\t\t<\/section>\n\t\t\t\t\t<\/div>\n\t\t<\/div>\n\t\t\t\t\t<\/div>\n\t\t<\/section>\n\t\t\t\t<\/div>\n\t\t","protected":false},"excerpt":{"rendered":"<p>NOS SERVICES Services d&rsquo;urgence En plus d&rsquo;aider \u00e0 d\u00e9tecter, traiter et pr\u00e9venir les maladies oculaires, notre optom\u00e9triste peut fournir des soins urgents pour des probl\u00e8mes de sant\u00e9 oculaire tels que les infections (par exemple, l&rsquo;\u0153il rose), l&rsquo;inflammation (par exemple, l&lsquo;uv\u00e9ite), les allergies et les blessures oculaires (par exemple, l&rsquo;abrasion corn\u00e9enne). , y compris l&rsquo;\u00e9limination des [&hellip;]<\/p>\n","protected":false},"author":1,"featured_media":2807,"parent":0,"menu_order":0,"comment_status":"closed","ping_status":"closed","template":"elementor_header_footer","meta":{"footnotes":""},"class_list":["post-2310","page","type-page","status-publish","has-post-thumbnail","hentry"],"_links":{"self":[{"href":"https:\/\/familyeyecareiroquoisfalls.ca\/fr\/wp-json\/wp\/v2\/pages\/2310","targetHints":{"allow":["GET"]}}],"collection":[{"href":"https:\/\/familyeyecareiroquoisfalls.ca\/fr\/wp-json\/wp\/v2\/pages"}],"about":[{"href":"https:\/\/familyeyecareiroquoisfalls.ca\/fr\/wp-json\/wp\/v2\/types\/page"}],"author":[{"embeddable":true,"href":"https:\/\/familyeyecareiroquoisfalls.ca\/fr\/wp-json\/wp\/v2\/users\/1"}],"replies":[{"embeddable":true,"href":"https:\/\/familyeyecareiroquoisfalls.ca\/fr\/wp-json\/wp\/v2\/comments?post=2310"}],"version-history":[{"count":5,"href":"https:\/\/familyeyecareiroquoisfalls.ca\/fr\/wp-json\/wp\/v2\/pages\/2310\/revisions"}],"predecessor-version":[{"id":3418,"href":"https:\/\/familyeyecareiroquoisfalls.ca\/fr\/wp-json\/wp\/v2\/pages\/2310\/revisions\/3418"}],"wp:featuredmedia":[{"embeddable":true,"href":"https:\/\/familyeyecareiroquoisfalls.ca\/fr\/wp-json\/wp\/v2\/media\/2807"}],"wp:attachment":[{"href":"https:\/\/familyeyecareiroquoisfalls.ca\/fr\/wp-json\/wp\/v2\/media?parent=2310"}],"curies":[{"name":"wp","href":"https:\/\/api.w.org\/{rel}","templated":true}]}}