{"id":2312,"date":"2023-07-10T16:47:46","date_gmt":"2023-07-10T16:47:46","guid":{"rendered":"https:\/\/familyeyecareiroquoisfalls.ca\/soins-de-la-vue-pour-les-personnes-agees\/"},"modified":"2026-01-30T19:50:05","modified_gmt":"2026-01-30T19:50:05","slug":"soins-de-la-vue-pour-les-personnes-agees","status":"publish","type":"page","link":"https:\/\/familyeyecareiroquoisfalls.ca\/fr\/soins-de-la-vue-pour-les-personnes-agees\/","title":{"rendered":"Soins de la vue pour les personnes \u00e2g\u00e9es"},"content":{"rendered":"\t\t<div data-elementor-type=\"wp-page\" data-elementor-id=\"2312\" class=\"elementor elementor-2312 elementor-1916\" data-elementor-post-type=\"page\">\n\t\t\t\t\t\t<section class=\"elementor-section elementor-top-section elementor-element elementor-element-868ef0d elementor-section-boxed elementor-section-height-default elementor-section-height-default\" data-id=\"868ef0d\" data-element_type=\"section\" data-e-type=\"section\" data-settings=\"{&quot;background_background&quot;:&quot;classic&quot;}\">\n\t\t\t\t\t\t\t<div class=\"elementor-background-overlay\"><\/div>\n\t\t\t\t\t\t\t<div class=\"elementor-container elementor-column-gap-default\">\n\t\t\t\t\t<div class=\"elementor-column elementor-col-100 elementor-top-column elementor-element elementor-element-9cb41f9\" data-id=\"9cb41f9\" data-element_type=\"column\" data-e-type=\"column\">\n\t\t\t<div class=\"elementor-widget-wrap elementor-element-populated\">\n\t\t\t\t\t\t<div class=\"elementor-element elementor-element-b0735b5 elementor-invisible elementor-widget elementor-widget-heading\" data-id=\"b0735b5\" data-element_type=\"widget\" data-e-type=\"widget\" data-settings=\"{&quot;_animation&quot;:&quot;fadeInUp&quot;,&quot;_animation_delay&quot;:50}\" data-widget_type=\"heading.default\">\n\t\t\t\t<div class=\"elementor-widget-container\">\n\t\t\t\t\t<h1 class=\"elementor-heading-title elementor-size-default\">NOS SERVICES<\/h1>\t\t\t\t<\/div>\n\t\t\t\t<\/div>\n\t\t\t\t<div class=\"elementor-element elementor-element-ba00ff2 elementor-invisible elementor-widget elementor-widget-heading\" data-id=\"ba00ff2\" data-element_type=\"widget\" data-e-type=\"widget\" data-settings=\"{&quot;_animation&quot;:&quot;fadeInUp&quot;,&quot;_animation_delay&quot;:100}\" data-widget_type=\"heading.default\">\n\t\t\t\t<div class=\"elementor-widget-container\">\n\t\t\t\t\t<h1 class=\"elementor-heading-title elementor-size-default\">Soins de la vue pour les personnes \u00e2g\u00e9es<\/h1>\t\t\t\t<\/div>\n\t\t\t\t<\/div>\n\t\t\t\t\t<\/div>\n\t\t<\/div>\n\t\t\t\t\t<\/div>\n\t\t<\/section>\n\t\t\t\t<section class=\"elementor-section elementor-top-section elementor-element elementor-element-8fcb581 elementor-section-content-middle elementor-reverse-tablet elementor-reverse-mobile elementor-section-boxed elementor-section-height-default elementor-section-height-default\" data-id=\"8fcb581\" data-element_type=\"section\" data-e-type=\"section\">\n\t\t\t\t\t\t<div class=\"elementor-container elementor-column-gap-default\">\n\t\t\t\t\t<div class=\"elementor-column elementor-col-50 elementor-top-column elementor-element elementor-element-1e2a7fa\" data-id=\"1e2a7fa\" data-element_type=\"column\" data-e-type=\"column\">\n\t\t\t<div class=\"elementor-widget-wrap elementor-element-populated\">\n\t\t\t\t\t\t<div class=\"elementor-element elementor-element-52bf1b8 elementor-widget-tablet__width-initial elementor-widget elementor-widget-image\" data-id=\"52bf1b8\" data-element_type=\"widget\" data-e-type=\"widget\" data-widget_type=\"image.default\">\n\t\t\t\t<div class=\"elementor-widget-container\">\n\t\t\t\t\t\t\t\t\t\t\t\t\t\t\t<img fetchpriority=\"high\" decoding=\"async\" width=\"800\" height=\"800\" src=\"https:\/\/familyeyecareiroquoisfalls.ca\/wp-content\/uploads\/2024\/01\/Untitled-design-5-1024x1024.png\" class=\"attachment-large size-large wp-image-3285\" alt=\"\" srcset=\"https:\/\/familyeyecareiroquoisfalls.ca\/wp-content\/uploads\/2024\/01\/Untitled-design-5-1024x1024.png 1024w, https:\/\/familyeyecareiroquoisfalls.ca\/wp-content\/uploads\/2024\/01\/Untitled-design-5-300x300.png 300w, https:\/\/familyeyecareiroquoisfalls.ca\/wp-content\/uploads\/2024\/01\/Untitled-design-5-150x150.png 150w, https:\/\/familyeyecareiroquoisfalls.ca\/wp-content\/uploads\/2024\/01\/Untitled-design-5-768x768.png 768w, https:\/\/familyeyecareiroquoisfalls.ca\/wp-content\/uploads\/2024\/01\/Untitled-design-5.png 1080w\" sizes=\"(max-width: 800px) 100vw, 800px\" \/>\t\t\t\t\t\t\t\t\t\t\t\t\t\t\t<\/div>\n\t\t\t\t<\/div>\n\t\t\t\t\t<\/div>\n\t\t<\/div>\n\t\t\t\t<div class=\"elementor-column elementor-col-50 elementor-top-column elementor-element elementor-element-c1377b1\" data-id=\"c1377b1\" data-element_type=\"column\" data-e-type=\"column\">\n\t\t\t<div class=\"elementor-widget-wrap elementor-element-populated\">\n\t\t\t\t\t\t<div class=\"elementor-element elementor-element-4ec573f elementor-widget elementor-widget-text-editor\" data-id=\"4ec573f\" data-element_type=\"widget\" data-e-type=\"widget\" data-widget_type=\"text-editor.default\">\n\t\t\t\t<div class=\"elementor-widget-container\">\n\t\t\t\t\t\t\t\t\t<div class=\"grve-section grve-feature-header grve-flex-row grve-middle-content mpc-row\" data-section-title=\"\" data-section-type=\"fullwidth-background\" data-image-type=\"none\" data-full-height=\"no\"><div class=\"grve-row grve-bookmark\"><div class=\"wpb_column grve-column grve-bookmark grve-column-1 mpc-column\" data-column-id=\"mpc_column-5464b024cd9ea7d\"><div class=\"grve-element grve-text grve-animated-item grve-fadeIn grve-animated\" data-delay=\"500\"><p>Votre vue est pr\u00e9cieuse et en vieillissant, il est important de pr\u00e9server ce sens particulier qui vous a procur\u00e9 tant de plaisir au fil des ann\u00e9es. Votre optom\u00e9triste peut vous aider \u00e0 g\u00e9rer votre sant\u00e9 oculaire gr\u00e2ce \u00e0 nos soins de la vue personnalis\u00e9s pour les personnes \u00e2g\u00e9es.<\/p><p>La d\u00e9tection pr\u00e9coce est essentielle pour traiter et pr\u00e9venir avec succ\u00e8s les affections oculaires telles que la <a href=\"https:\/\/bc.doctorsofoptometry.ca\/library\/cataracts\/\" target=\"_blank\" rel=\"noopener\">cataracte<\/a>, la <a href=\"https:\/\/bc.doctorsofoptometry.ca\/library\/age-related-macular-degeneration-amd\/\" target=\"_blank\" rel=\"noopener\">d\u00e9g\u00e9n\u00e9rescence maculaire<\/a> et le <a href=\"https:\/\/bc.doctorsofoptometry.ca\/library\/glaucoma\/\" target=\"_blank\" rel=\"noopener\">glaucome<\/a> avant qu&rsquo;elles n&rsquo;entra\u00eenent des changements visuels majeurs. Tr\u00e8s souvent, des maladies oculaires graves peuvent se d\u00e9velopper sans sympt\u00f4mes \u00e9vidents, ce qui fait de la gestion continue de la sant\u00e9 visuelle un facteur cl\u00e9 du plan de sant\u00e9 global de chacun.<\/p><p>Un <a href=\"https:\/\/familyeyecaretimmins.com\/services#comprehensive\">examen complet<\/a> de la vue par votre optom\u00e9triste est la premi\u00e8re \u00e9tape pour entretenir vos yeux. L&rsquo;OHIP offre une couverture pour les examens complets de la vue aux r\u00e9sidents de l&rsquo;Ontario \u00e2g\u00e9s de 65 ans et plus sur une base de 12 \u00e0 18 mois. Votre optom\u00e9triste peut \u00e9galement recommander des tests suppl\u00e9mentaires dans le cadre de votre examen complet de la vue, tels que <a href=\"https:\/\/familyeyecaretimmins.com\/services#special\">l&rsquo;imagerie r\u00e9tinienne<\/a>, le <a href=\"https:\/\/familyeyecaretimmins.com\/services#special\">champ visuel<\/a> et la <a href=\"https:\/\/familyeyecaretimmins.com\/services#special\">tomographie par coh\u00e9rence optique<\/a>.<\/p><\/div><\/div><\/div><\/div>\t\t\t\t\t\t\t\t<\/div>\n\t\t\t\t<\/div>\n\t\t\t\t\t<\/div>\n\t\t<\/div>\n\t\t\t\t\t<\/div>\n\t\t<\/section>\n\t\t\t\t<\/div>\n\t\t","protected":false},"excerpt":{"rendered":"<p>NOS SERVICES Soins de la vue pour les personnes \u00e2g\u00e9es Votre vue est pr\u00e9cieuse et en vieillissant, il est important de pr\u00e9server ce sens particulier qui vous a procur\u00e9 tant de plaisir au fil des ann\u00e9es. Votre optom\u00e9triste peut vous aider \u00e0 g\u00e9rer votre sant\u00e9 oculaire gr\u00e2ce \u00e0 nos soins de la vue personnalis\u00e9s pour [&hellip;]<\/p>\n","protected":false},"author":1,"featured_media":2807,"parent":0,"menu_order":0,"comment_status":"closed","ping_status":"closed","template":"elementor_header_footer","meta":{"footnotes":""},"class_list":["post-2312","page","type-page","status-publish","has-post-thumbnail","hentry"],"_links":{"self":[{"href":"https:\/\/familyeyecareiroquoisfalls.ca\/fr\/wp-json\/wp\/v2\/pages\/2312","targetHints":{"allow":["GET"]}}],"collection":[{"href":"https:\/\/familyeyecareiroquoisfalls.ca\/fr\/wp-json\/wp\/v2\/pages"}],"about":[{"href":"https:\/\/familyeyecareiroquoisfalls.ca\/fr\/wp-json\/wp\/v2\/types\/page"}],"author":[{"embeddable":true,"href":"https:\/\/familyeyecareiroquoisfalls.ca\/fr\/wp-json\/wp\/v2\/users\/1"}],"replies":[{"embeddable":true,"href":"https:\/\/familyeyecareiroquoisfalls.ca\/fr\/wp-json\/wp\/v2\/comments?post=2312"}],"version-history":[{"count":5,"href":"https:\/\/familyeyecareiroquoisfalls.ca\/fr\/wp-json\/wp\/v2\/pages\/2312\/revisions"}],"predecessor-version":[{"id":11313,"href":"https:\/\/familyeyecareiroquoisfalls.ca\/fr\/wp-json\/wp\/v2\/pages\/2312\/revisions\/11313"}],"wp:featuredmedia":[{"embeddable":true,"href":"https:\/\/familyeyecareiroquoisfalls.ca\/fr\/wp-json\/wp\/v2\/media\/2807"}],"wp:attachment":[{"href":"https:\/\/familyeyecareiroquoisfalls.ca\/fr\/wp-json\/wp\/v2\/media?parent=2312"}],"curies":[{"name":"wp","href":"https:\/\/api.w.org\/{rel}","templated":true}]}}